{"id":3588,"date":"2025-04-27T21:18:07","date_gmt":"2025-04-27T21:18:07","guid":{"rendered":"https:\/\/atenealuxury.com\/?page_id=3588"},"modified":"2025-05-27T22:01:13","modified_gmt":"2025-05-27T22:01:13","slug":"terminos-condiciones","status":"publish","type":"page","link":"https:\/\/atenealuxury.com\/?page_id=3588","title":{"rendered":"T\u00e9rminos y Condiciones"},"content":{"rendered":"<style>.kb-row-layout-id3588_919be0-73 > .kt-row-column-wrap{align-content:start;}:where(.kb-row-layout-id3588_919be0-73 > .kt-row-column-wrap) > .wp-block-kadence-column{justify-content:start;}.kb-row-layout-id3588_919be0-73 > .kt-row-column-wrap{column-gap:var(--global-kb-gap-lg, 4rem);row-gap:var(--global-kb-gap-md, 2rem);max-width:var( --global-content-width, 1351px );padding-left:var(--global-content-edge-padding);padding-right:var(--global-content-edge-padding);padding-top:72px;padding-right:20px;padding-bottom:0px;padding-left:20px;grid-template-columns:minmax(0, 1fr);}.kb-row-layout-id3588_919be0-73 > .kt-row-layout-overlay{opacity:0.30;}@media all and (max-width: 1024px){.kb-row-layout-id3588_919be0-73 > .kt-row-column-wrap{padding-top:200px;padding-right:150px;padding-bottom:60px;padding-left:150px;grid-template-columns:minmax(0, 1fr);}}@media all and (max-width: 767px){.kb-row-layout-id3588_919be0-73 > .kt-row-column-wrap{padding-top:40px;padding-right:30px;padding-bottom:40px;padding-left:30px;grid-template-columns:minmax(0, 1fr);}}<\/style><div class=\"kb-row-layout-wrap kb-row-layout-id3588_919be0-73 alignfull has-theme-palette9-background-color kt-row-has-bg wp-block-kadence-rowlayout\"><div class=\"kt-row-column-wrap kt-has-1-columns kt-row-layout-equal kt-tab-layout-inherit kt-mobile-layout-row kt-row-valign-top kb-theme-content-width\">\n<style>.kadence-column3588_f06e41-7d > .kt-inside-inner-col,.kadence-column3588_f06e41-7d > .kt-inside-inner-col:before{border-top-left-radius:0px;border-top-right-radius:0px;border-bottom-right-radius:0px;border-bottom-left-radius:0px;}.kadence-column3588_f06e41-7d > .kt-inside-inner-col{column-gap:var(--global-kb-gap-sm, 1rem);}.kadence-column3588_f06e41-7d > .kt-inside-inner-col{flex-direction:column;}.kadence-column3588_f06e41-7d > .kt-inside-inner-col > .aligncenter{width:100%;}.kadence-column3588_f06e41-7d > .kt-inside-inner-col:before{opacity:0.3;}.kadence-column3588_f06e41-7d{position:relative;}@media all and (max-width: 1024px){.kadence-column3588_f06e41-7d > .kt-inside-inner-col{flex-direction:column;justify-content:center;}}@media all and (max-width: 767px){.kadence-column3588_f06e41-7d > .kt-inside-inner-col{flex-direction:column;justify-content:center;}}<\/style>\n<div class=\"wp-block-kadence-column kadence-column3588_f06e41-7d inner-column-1\"><div class=\"kt-inside-inner-col\"><style>.wp-block-kadence-advancedheading.kt-adv-heading3588_8f3ef8-ae, .wp-block-kadence-advancedheading.kt-adv-heading3588_8f3ef8-ae[data-kb-block=\"kb-adv-heading3588_8f3ef8-ae\"]{margin-bottom:30px;text-align:left;font-style:normal;}.wp-block-kadence-advancedheading.kt-adv-heading3588_8f3ef8-ae mark.kt-highlight, .wp-block-kadence-advancedheading.kt-adv-heading3588_8f3ef8-ae[data-kb-block=\"kb-adv-heading3588_8f3ef8-ae\"] mark.kt-highlight{font-style:normal;color:#f76a0c;-webkit-box-decoration-break:clone;box-decoration-break:clone;padding-top:0px;padding-right:0px;padding-bottom:0px;padding-left:0px;}@media all and (max-width: 767px){.wp-block-kadence-advancedheading.kt-adv-heading3588_8f3ef8-ae, .wp-block-kadence-advancedheading.kt-adv-heading3588_8f3ef8-ae[data-kb-block=\"kb-adv-heading3588_8f3ef8-ae\"]{font-size:var(--global-kb-font-size-lg, 2rem);}}<\/style>\n<h4 class=\"kt-adv-heading3588_8f3ef8-ae wp-block-kadence-advancedheading\" data-kb-block=\"kb-adv-heading3588_8f3ef8-ae\"><strong>1. Introducci\u00f3n<\/strong><\/h4>\n\n\n<style>.wp-block-kadence-advancedheading.kt-adv-heading3588_85c1e3-06, .wp-block-kadence-advancedheading.kt-adv-heading3588_85c1e3-06[data-kb-block=\"kb-adv-heading3588_85c1e3-06\"]{margin-top:10px;margin-bottom:10px;text-align:left;font-size:22px;line-height:32px;font-weight:400;font-style:normal;font-family:'Nunito Sans';}.wp-block-kadence-advancedheading.kt-adv-heading3588_85c1e3-06 mark.kt-highlight, .wp-block-kadence-advancedheading.kt-adv-heading3588_85c1e3-06[data-kb-block=\"kb-adv-heading3588_85c1e3-06\"] mark.kt-highlight{font-style:normal;color:#f76a0c;-webkit-box-decoration-break:clone;box-decoration-break:clone;padding-top:0px;padding-right:0px;padding-bottom:0px;padding-left:0px;}<\/style>\n<h3 class=\"kt-adv-heading3588_85c1e3-06 wp-block-kadence-advancedheading has-theme-palette-4-color has-text-color\" data-kb-block=\"kb-adv-heading3588_85c1e3-06\">Bienvenido(a) a Atenea Luxury una tienda en l\u00ednea dedicada a la comercializaci\u00f3n de perfumes y fragancias. Al acceder y utilizar este sitio web, usted acepta regirse por los presentes T\u00e9rminos y Condiciones. Recomendamos leer detenidamente este documento antes de realizar cualquier compra.<\/h3>\n\n\n\n<h4 class=\"wp-block-heading\"><strong>2. Productos y disponibilidad<\/strong><\/h4>\n\n\n\n<p>Los productos exhibidos en el sitio est\u00e1n sujetos a disponibilidad de stock. Todos nuestros perfumes son originales, y se comercializan en sus presentaciones oficiales y\/o de distribuci\u00f3n autorizada. Nos reservamos el derecho de modificar en cualquier momento las caracter\u00edsticas, im\u00e1genes o precios de los productos, sin previo aviso.<\/p>\n\n\n\n<h4 class=\"wp-block-heading\"><strong>3. Precios y medios de pago<\/strong><\/h4>\n\n\n\n<p>Todos los precios est\u00e1n expresados en soles peruanos (PEN) e incluyen el Impuesto General a las Ventas (IGV). Aceptamos como medios de pago: tarjetas de cr\u00e9dito o d\u00e9bito (Visa, Mastercard, etc.), transferencias bancarias y otros medios que se informen al momento de la compra.<\/p>\n\n\n\n<h4 class=\"wp-block-heading has--font-size\"><strong>4. Pol\u00edtica de cambios y devoluciones<\/strong><\/h4>\n\n\n\n<p>Realizamos env\u00edos a nivel nacional mediante empresas de courier autorizadas. Los plazos de entrega var\u00edan seg\u00fan el destino y se informan al cliente al momento de la compra. No nos responsabilizamos por retrasos atribuibles a la empresa transportista o por datos de env\u00edo incorrectos proporcionados por el cliente.<\/p>\n\n\n\n<h4 class=\"wp-block-heading\"><strong>5. Pol\u00edtica de cambios y devoluciones<\/strong><\/h4>\n\n\n\n<p>Solo se aceptar\u00e1n devoluciones o cambios por productos defectuosos o en caso de error en el despacho imputable a nuestra tienda. El plazo m\u00e1ximo para realizar un reclamo es de <strong>7 d\u00edas calendario<\/strong> desde la recepci\u00f3n del producto. El art\u00edculo debe conservarse sin uso y en su empaque original. No se aceptan devoluciones por cambio de opini\u00f3n o fragancias no compatibles con el gusto personal del cliente.<\/p>\n\n\n\n<h4 class=\"wp-block-heading\"><strong>6. Protecci\u00f3n de datos personales<\/strong><\/h4>\n\n\n\n<p>Los datos personales proporcionados por el usuario ser\u00e1n tratados de acuerdo con la Ley N.\u00ba 29733 \u2013 Ley de Protecci\u00f3n de Datos Personales, y utilizados exclusivamente para fines de gesti\u00f3n comercial, facturaci\u00f3n, despacho y atenci\u00f3n al cliente. Para m\u00e1s detalles, revise nuestra <strong>Pol\u00edtica de Privacidad<\/strong>.<\/p>\n\n\n\n<h4 class=\"wp-block-heading\"><strong>7. Responsabilidad<\/strong><\/h4>\n\n\n\n<p>[Nombre de la tienda] no se responsabiliza por da\u00f1os o perjuicios derivados del uso indebido de los productos adquiridos ni por la interpretaci\u00f3n err\u00f3nea de las descripciones proporcionadas en el sitio web. El cliente asume la responsabilidad del uso del producto adquirido.<\/p>\n\n\n\n<h4 class=\"wp-block-heading\"><strong>8. Modificaciones<\/strong><\/h4>\n\n\n\n<p>Nos reservamos el derecho de modificar los presentes T\u00e9rminos y Condiciones en cualquier momento, sin necesidad de previo aviso. Las nuevas condiciones entrar\u00e1n en vigencia desde el momento de su publicaci\u00f3n en el sitio web.<\/p>\n\n\n\n<h4 class=\"wp-block-heading\"><strong>9. Conservaci\u00f3n de los datos<\/strong><\/h4>\n\n\n\n<p>Los datos personales ser\u00e1n conservados durante el tiempo necesario para cumplir con las finalidades para las que fueron recopilados, o seg\u00fan lo exija la legislaci\u00f3n peruana vigente.<\/p>\n\n\n\n<h4 class=\"wp-block-heading\"><strong>10. Confidencialidad y seguridad<\/strong><\/h4>\n\n\n\n<p>Nos comprometemos a proteger la confidencialidad de los datos personales. Implementamos medidas t\u00e9cnicas, organizativas y legales para garantizar su seguridad, evitando accesos no autorizados, p\u00e9rdida o alteraci\u00f3n indebida.<\/p>\n\n\n\n<p><\/p>\n\n\n\n<p><\/p>\n\n\n\n<p><\/p>\n\n\n\n<p><\/p>\n\n\n\n<p><\/p>\n\n\n\n<p><\/p>\n\n\n\n<p><\/p>\n\n\n\n<p><\/p>\n\n\n\n<p><\/p>\n\n\n\n<p><br><\/p>\n<\/div><\/div>\n\n<\/div><\/div>","protected":false},"excerpt":{"rendered":"<p>1. Introducci\u00f3n Bienvenido(a) a Atenea Luxury una tienda en l\u00ednea dedicada a la comercializaci\u00f3n de perfumes y fragancias. Al acceder y utilizar este sitio web, usted acepta regirse por los presentes T\u00e9rminos y Condiciones. Recomendamos leer detenidamente este documento antes de realizar cualquier compra. 2. Productos y disponibilidad Los productos exhibidos en el sitio est\u00e1n&#8230;<\/p>\n","protected":false},"author":1,"featured_media":0,"parent":0,"menu_order":0,"comment_status":"closed","ping_status":"closed","template":"","meta":{"_monsterinsights_skip_tracking":false,"_monsterinsights_sitenote_active":false,"_monsterinsights_sitenote_note":"","_monsterinsights_sitenote_category":0,"_kadence_starter_templates_imported_post":false,"_kad_post_transparent":"","_kad_post_title":"","_kad_post_layout":"","_kad_post_sidebar_id":"","_kad_post_content_style":"","_kad_post_vertical_padding":"","_kad_post_feature":"","_kad_post_feature_position":"","_kad_post_header":false,"_kad_post_footer":false,"_kad_post_classname":"","_joinchat":[],"footnotes":""},"class_list":["post-3588","page","type-page","status-publish","hentry"],"yoast_head":"<!-- This site is optimized with the Yoast SEO plugin v25.4 - https:\/\/yoast.com\/wordpress\/plugins\/seo\/ -->\n<title>T\u00e9rminos y Condiciones de Compra | Atenea Luxury<\/title>\n<meta name=\"description\" content=\"Revisa los t\u00e9rminos y condiciones de compra en nuestra tienda online de perfumes. Informaci\u00f3n sobre env\u00edos, devoluciones y uso del sitio.\" \/>\n<meta name=\"robots\" content=\"index, follow, max-snippet:-1, max-image-preview:large, max-video-preview:-1\" \/>\n<link rel=\"canonical\" href=\"https:\/\/atenealuxury.com\/?page_id=3588\" \/>\n<meta property=\"og:locale\" content=\"es_ES\" \/>\n<meta property=\"og:type\" content=\"article\" \/>\n<meta property=\"og:title\" content=\"T\u00e9rminos y Condiciones de Compra | Atenea Luxury\" \/>\n<meta property=\"og:description\" content=\"Revisa los t\u00e9rminos y condiciones de compra en nuestra tienda online de perfumes. Informaci\u00f3n sobre env\u00edos, devoluciones y uso del sitio.\" \/>\n<meta property=\"og:url\" content=\"https:\/\/atenealuxury.com\/?page_id=3588\" \/>\n<meta property=\"og:site_name\" content=\"atenealuxury.com\" \/>\n<meta property=\"article:modified_time\" content=\"2025-05-27T22:01:13+00:00\" \/>\n<meta property=\"og:image\" content=\"https:\/\/atenealuxury.com\/wp-content\/uploads\/2025\/04\/LOGO-ATENEA-GUINDA-1.png\" \/>\n\t<meta property=\"og:image:width\" content=\"500\" \/>\n\t<meta property=\"og:image:height\" content=\"500\" \/>\n\t<meta property=\"og:image:type\" content=\"image\/png\" \/>\n<meta name=\"twitter:card\" content=\"summary_large_image\" \/>\n<meta name=\"twitter:label1\" content=\"Tiempo de lectura\" \/>\n\t<meta name=\"twitter:data1\" content=\"3 minutos\" \/>\n<script type=\"application\/ld+json\" class=\"yoast-schema-graph\">{\"@context\":\"https:\/\/schema.org\",\"@graph\":[{\"@type\":\"WebPage\",\"@id\":\"https:\/\/atenealuxury.com\/?page_id=3588\",\"url\":\"https:\/\/atenealuxury.com\/?page_id=3588\",\"name\":\"T\u00e9rminos y Condiciones de Compra | Atenea Luxury\",\"isPartOf\":{\"@id\":\"https:\/\/atenealuxury.com\/#website\"},\"datePublished\":\"2025-04-27T21:18:07+00:00\",\"dateModified\":\"2025-05-27T22:01:13+00:00\",\"description\":\"Revisa los t\u00e9rminos y condiciones de compra en nuestra tienda online de perfumes. Informaci\u00f3n sobre env\u00edos, devoluciones y uso del sitio.\",\"breadcrumb\":{\"@id\":\"https:\/\/atenealuxury.com\/?page_id=3588#breadcrumb\"},\"inLanguage\":\"es\",\"potentialAction\":[{\"@type\":\"ReadAction\",\"target\":[\"https:\/\/atenealuxury.com\/?page_id=3588\"]}]},{\"@type\":\"BreadcrumbList\",\"@id\":\"https:\/\/atenealuxury.com\/?page_id=3588#breadcrumb\",\"itemListElement\":[{\"@type\":\"ListItem\",\"position\":1,\"name\":\"Inicio\",\"item\":\"https:\/\/atenealuxury.com\/\"},{\"@type\":\"ListItem\",\"position\":2,\"name\":\"T\u00e9rminos y Condiciones\"}]},{\"@type\":\"WebSite\",\"@id\":\"https:\/\/atenealuxury.com\/#website\",\"url\":\"https:\/\/atenealuxury.com\/\",\"name\":\"Atenea Luxury\",\"description\":\"Tienda de perfumes \u00e1rabes, de nicho y dise\u00f1ador para \u00e9l y para ella.\",\"publisher\":{\"@id\":\"https:\/\/atenealuxury.com\/#organization\"},\"alternateName\":\"atenea luxury\",\"potentialAction\":[{\"@type\":\"SearchAction\",\"target\":{\"@type\":\"EntryPoint\",\"urlTemplate\":\"https:\/\/atenealuxury.com\/?s={search_term_string}\"},\"query-input\":{\"@type\":\"PropertyValueSpecification\",\"valueRequired\":true,\"valueName\":\"search_term_string\"}}],\"inLanguage\":\"es\"},{\"@type\":\"Organization\",\"@id\":\"https:\/\/atenealuxury.com\/#organization\",\"name\":\"Atenea Luxury\",\"alternateName\":\"atenealuxury.com\",\"url\":\"https:\/\/atenealuxury.com\/\",\"logo\":{\"@type\":\"ImageObject\",\"inLanguage\":\"es\",\"@id\":\"https:\/\/atenealuxury.com\/#\/schema\/logo\/image\/\",\"url\":\"https:\/\/atenealuxury.com\/wp-content\/uploads\/2025\/04\/cropped-ICONO-ATENEA-LUXURY.png\",\"contentUrl\":\"https:\/\/atenealuxury.com\/wp-content\/uploads\/2025\/04\/cropped-ICONO-ATENEA-LUXURY.png\",\"width\":512,\"height\":512,\"caption\":\"Atenea Luxury\"},\"image\":{\"@id\":\"https:\/\/atenealuxury.com\/#\/schema\/logo\/image\/\"}}]}<\/script>\n<!-- \/ Yoast SEO plugin. -->","yoast_head_json":{"title":"T\u00e9rminos y Condiciones de Compra | Atenea Luxury","description":"Revisa los t\u00e9rminos y condiciones de compra en nuestra tienda online de perfumes. Informaci\u00f3n sobre env\u00edos, devoluciones y uso del sitio.","robots":{"index":"index","follow":"follow","max-snippet":"max-snippet:-1","max-image-preview":"max-image-preview:large","max-video-preview":"max-video-preview:-1"},"canonical":"https:\/\/atenealuxury.com\/?page_id=3588","og_locale":"es_ES","og_type":"article","og_title":"T\u00e9rminos y Condiciones de Compra | Atenea Luxury","og_description":"Revisa los t\u00e9rminos y condiciones de compra en nuestra tienda online de perfumes. Informaci\u00f3n sobre env\u00edos, devoluciones y uso del sitio.","og_url":"https:\/\/atenealuxury.com\/?page_id=3588","og_site_name":"atenealuxury.com","article_modified_time":"2025-05-27T22:01:13+00:00","og_image":[{"width":500,"height":500,"url":"https:\/\/atenealuxury.com\/wp-content\/uploads\/2025\/04\/LOGO-ATENEA-GUINDA-1.png","type":"image\/png"}],"twitter_card":"summary_large_image","twitter_misc":{"Tiempo de lectura":"3 minutos"},"schema":{"@context":"https:\/\/schema.org","@graph":[{"@type":"WebPage","@id":"https:\/\/atenealuxury.com\/?page_id=3588","url":"https:\/\/atenealuxury.com\/?page_id=3588","name":"T\u00e9rminos y Condiciones de Compra | Atenea Luxury","isPartOf":{"@id":"https:\/\/atenealuxury.com\/#website"},"datePublished":"2025-04-27T21:18:07+00:00","dateModified":"2025-05-27T22:01:13+00:00","description":"Revisa los t\u00e9rminos y condiciones de compra en nuestra tienda online de perfumes. Informaci\u00f3n sobre env\u00edos, devoluciones y uso del sitio.","breadcrumb":{"@id":"https:\/\/atenealuxury.com\/?page_id=3588#breadcrumb"},"inLanguage":"es","potentialAction":[{"@type":"ReadAction","target":["https:\/\/atenealuxury.com\/?page_id=3588"]}]},{"@type":"BreadcrumbList","@id":"https:\/\/atenealuxury.com\/?page_id=3588#breadcrumb","itemListElement":[{"@type":"ListItem","position":1,"name":"Inicio","item":"https:\/\/atenealuxury.com\/"},{"@type":"ListItem","position":2,"name":"T\u00e9rminos y Condiciones"}]},{"@type":"WebSite","@id":"https:\/\/atenealuxury.com\/#website","url":"https:\/\/atenealuxury.com\/","name":"Atenea Luxury","description":"Tienda de perfumes \u00e1rabes, de nicho y dise\u00f1ador para \u00e9l y para ella.","publisher":{"@id":"https:\/\/atenealuxury.com\/#organization"},"alternateName":"atenea luxury","potentialAction":[{"@type":"SearchAction","target":{"@type":"EntryPoint","urlTemplate":"https:\/\/atenealuxury.com\/?s={search_term_string}"},"query-input":{"@type":"PropertyValueSpecification","valueRequired":true,"valueName":"search_term_string"}}],"inLanguage":"es"},{"@type":"Organization","@id":"https:\/\/atenealuxury.com\/#organization","name":"Atenea Luxury","alternateName":"atenealuxury.com","url":"https:\/\/atenealuxury.com\/","logo":{"@type":"ImageObject","inLanguage":"es","@id":"https:\/\/atenealuxury.com\/#\/schema\/logo\/image\/","url":"https:\/\/atenealuxury.com\/wp-content\/uploads\/2025\/04\/cropped-ICONO-ATENEA-LUXURY.png","contentUrl":"https:\/\/atenealuxury.com\/wp-content\/uploads\/2025\/04\/cropped-ICONO-ATENEA-LUXURY.png","width":512,"height":512,"caption":"Atenea Luxury"},"image":{"@id":"https:\/\/atenealuxury.com\/#\/schema\/logo\/image\/"}}]}},"jetpack_sharing_enabled":true,"_links":{"self":[{"href":"https:\/\/atenealuxury.com\/index.php?rest_route=\/wp\/v2\/pages\/3588","targetHints":{"allow":["GET"]}}],"collection":[{"href":"https:\/\/atenealuxury.com\/index.php?rest_route=\/wp\/v2\/pages"}],"about":[{"href":"https:\/\/atenealuxury.com\/index.php?rest_route=\/wp\/v2\/types\/page"}],"author":[{"embeddable":true,"href":"https:\/\/atenealuxury.com\/index.php?rest_route=\/wp\/v2\/users\/1"}],"replies":[{"embeddable":true,"href":"https:\/\/atenealuxury.com\/index.php?rest_route=%2Fwp%2Fv2%2Fcomments&post=3588"}],"version-history":[{"count":4,"href":"https:\/\/atenealuxury.com\/index.php?rest_route=\/wp\/v2\/pages\/3588\/revisions"}],"predecessor-version":[{"id":3812,"href":"https:\/\/atenealuxury.com\/index.php?rest_route=\/wp\/v2\/pages\/3588\/revisions\/3812"}],"wp:attachment":[{"href":"https:\/\/atenealuxury.com\/index.php?rest_route=%2Fwp%2Fv2%2Fmedia&parent=3588"}],"curies":[{"name":"wp","href":"https:\/\/api.w.org\/{rel}","templated":true}]}}