{"id":3872,"date":"2025-05-19T04:41:27","date_gmt":"2025-05-19T04:41:27","guid":{"rendered":"https:\/\/atenealuxury.com\/?page_id=3872"},"modified":"2025-05-27T22:08:39","modified_gmt":"2025-05-27T22:08:39","slug":"perfumes-de-nicho","status":"publish","type":"page","link":"https:\/\/atenealuxury.com\/?page_id=3872","title":{"rendered":"Nicho"},"content":{"rendered":"","protected":false},"excerpt":{"rendered":"","protected":false},"author":1,"featured_media":0,"parent":0,"menu_order":0,"comment_status":"closed","ping_status":"closed","template":"","meta":{"_monsterinsights_skip_tracking":false,"_monsterinsights_sitenote_active":false,"_monsterinsights_sitenote_note":"","_monsterinsights_sitenote_category":0,"_kadence_starter_templates_imported_post":false,"_kad_post_transparent":"","_kad_post_title":"","_kad_post_layout":"","_kad_post_sidebar_id":"","_kad_post_content_style":"","_kad_post_vertical_padding":"","_kad_post_feature":"","_kad_post_feature_position":"","_kad_post_header":false,"_kad_post_footer":false,"_kad_post_classname":"","_joinchat":[],"footnotes":""},"class_list":["post-3872","page","type-page","status-publish","hentry"],"yoast_head":"<!-- This site is optimized with the Yoast SEO plugin v25.4 - https:\/\/yoast.com\/wordpress\/plugins\/seo\/ -->\n<title>Perfumes Nicho Originales | Aromas Premium para Ti<\/title>\n<meta name=\"description\" content=\"Descubre perfumes de nicho originales y exclusivos en Per\u00fa. Fragancias de lujo como Parfums de Marly, Xerjoff y m\u00e1s. Env\u00edos a todo el pa\u00eds.\" \/>\n<meta name=\"robots\" content=\"index, follow, max-snippet:-1, max-image-preview:large, max-video-preview:-1\" \/>\n<link rel=\"canonical\" href=\"https:\/\/atenealuxury.com\/?page_id=3872\" \/>\n<meta property=\"og:locale\" content=\"es_ES\" \/>\n<meta property=\"og:type\" content=\"article\" \/>\n<meta property=\"og:title\" content=\"Perfumes Nicho Originales | Aromas Premium para Ti\" \/>\n<meta property=\"og:description\" content=\"Descubre perfumes de nicho originales y exclusivos en Per\u00fa. Fragancias de lujo como Parfums de Marly, Xerjoff y m\u00e1s. Env\u00edos a todo el pa\u00eds.\" \/>\n<meta property=\"og:url\" content=\"https:\/\/atenealuxury.com\/?page_id=3872\" \/>\n<meta property=\"og:site_name\" content=\"atenealuxury.com\" \/>\n<meta property=\"article:modified_time\" content=\"2025-05-27T22:08:39+00:00\" \/>\n<meta property=\"og:image\" content=\"https:\/\/atenealuxury.com\/wp-content\/uploads\/2025\/04\/LOGO-ATENEA-GUINDA-1.png\" \/>\n\t<meta property=\"og:image:width\" content=\"500\" \/>\n\t<meta property=\"og:image:height\" content=\"500\" \/>\n\t<meta property=\"og:image:type\" content=\"image\/png\" \/>\n<meta name=\"twitter:card\" content=\"summary_large_image\" \/>\n<script type=\"application\/ld+json\" class=\"yoast-schema-graph\">{\"@context\":\"https:\/\/schema.org\",\"@graph\":[{\"@type\":\"WebPage\",\"@id\":\"https:\/\/atenealuxury.com\/?page_id=3872\",\"url\":\"https:\/\/atenealuxury.com\/?page_id=3872\",\"name\":\"Perfumes Nicho Originales | Aromas Premium para Ti\",\"isPartOf\":{\"@id\":\"https:\/\/atenealuxury.com\/#website\"},\"datePublished\":\"2025-05-19T04:41:27+00:00\",\"dateModified\":\"2025-05-27T22:08:39+00:00\",\"description\":\"Descubre perfumes de nicho originales y exclusivos en Per\u00fa. Fragancias de lujo como Parfums de Marly, Xerjoff y m\u00e1s. Env\u00edos a todo el pa\u00eds.\",\"breadcrumb\":{\"@id\":\"https:\/\/atenealuxury.com\/?page_id=3872#breadcrumb\"},\"inLanguage\":\"es\",\"potentialAction\":[{\"@type\":\"ReadAction\",\"target\":[\"https:\/\/atenealuxury.com\/?page_id=3872\"]}]},{\"@type\":\"BreadcrumbList\",\"@id\":\"https:\/\/atenealuxury.com\/?page_id=3872#breadcrumb\",\"itemListElement\":[{\"@type\":\"ListItem\",\"position\":1,\"name\":\"Inicio\",\"item\":\"https:\/\/atenealuxury.com\/\"},{\"@type\":\"ListItem\",\"position\":2,\"name\":\"Nicho\"}]},{\"@type\":\"WebSite\",\"@id\":\"https:\/\/atenealuxury.com\/#website\",\"url\":\"https:\/\/atenealuxury.com\/\",\"name\":\"Atenea Luxury\",\"description\":\"Tienda de perfumes \u00e1rabes, de nicho y dise\u00f1ador para \u00e9l y para ella.\",\"publisher\":{\"@id\":\"https:\/\/atenealuxury.com\/#organization\"},\"alternateName\":\"atenea luxury\",\"potentialAction\":[{\"@type\":\"SearchAction\",\"target\":{\"@type\":\"EntryPoint\",\"urlTemplate\":\"https:\/\/atenealuxury.com\/?s={search_term_string}\"},\"query-input\":{\"@type\":\"PropertyValueSpecification\",\"valueRequired\":true,\"valueName\":\"search_term_string\"}}],\"inLanguage\":\"es\"},{\"@type\":\"Organization\",\"@id\":\"https:\/\/atenealuxury.com\/#organization\",\"name\":\"Atenea Luxury\",\"alternateName\":\"atenealuxury.com\",\"url\":\"https:\/\/atenealuxury.com\/\",\"logo\":{\"@type\":\"ImageObject\",\"inLanguage\":\"es\",\"@id\":\"https:\/\/atenealuxury.com\/#\/schema\/logo\/image\/\",\"url\":\"https:\/\/atenealuxury.com\/wp-content\/uploads\/2025\/04\/cropped-ICONO-ATENEA-LUXURY.png\",\"contentUrl\":\"https:\/\/atenealuxury.com\/wp-content\/uploads\/2025\/04\/cropped-ICONO-ATENEA-LUXURY.png\",\"width\":512,\"height\":512,\"caption\":\"Atenea Luxury\"},\"image\":{\"@id\":\"https:\/\/atenealuxury.com\/#\/schema\/logo\/image\/\"}}]}<\/script>\n<!-- \/ Yoast SEO plugin. -->","yoast_head_json":{"title":"Perfumes Nicho Originales | Aromas Premium para Ti","description":"Descubre perfumes de nicho originales y exclusivos en Per\u00fa. Fragancias de lujo como Parfums de Marly, Xerjoff y m\u00e1s. Env\u00edos a todo el pa\u00eds.","robots":{"index":"index","follow":"follow","max-snippet":"max-snippet:-1","max-image-preview":"max-image-preview:large","max-video-preview":"max-video-preview:-1"},"canonical":"https:\/\/atenealuxury.com\/?page_id=3872","og_locale":"es_ES","og_type":"article","og_title":"Perfumes Nicho Originales | Aromas Premium para Ti","og_description":"Descubre perfumes de nicho originales y exclusivos en Per\u00fa. Fragancias de lujo como Parfums de Marly, Xerjoff y m\u00e1s. Env\u00edos a todo el pa\u00eds.","og_url":"https:\/\/atenealuxury.com\/?page_id=3872","og_site_name":"atenealuxury.com","article_modified_time":"2025-05-27T22:08:39+00:00","og_image":[{"width":500,"height":500,"url":"https:\/\/atenealuxury.com\/wp-content\/uploads\/2025\/04\/LOGO-ATENEA-GUINDA-1.png","type":"image\/png"}],"twitter_card":"summary_large_image","schema":{"@context":"https:\/\/schema.org","@graph":[{"@type":"WebPage","@id":"https:\/\/atenealuxury.com\/?page_id=3872","url":"https:\/\/atenealuxury.com\/?page_id=3872","name":"Perfumes Nicho Originales | Aromas Premium para Ti","isPartOf":{"@id":"https:\/\/atenealuxury.com\/#website"},"datePublished":"2025-05-19T04:41:27+00:00","dateModified":"2025-05-27T22:08:39+00:00","description":"Descubre perfumes de nicho originales y exclusivos en Per\u00fa. Fragancias de lujo como Parfums de Marly, Xerjoff y m\u00e1s. Env\u00edos a todo el pa\u00eds.","breadcrumb":{"@id":"https:\/\/atenealuxury.com\/?page_id=3872#breadcrumb"},"inLanguage":"es","potentialAction":[{"@type":"ReadAction","target":["https:\/\/atenealuxury.com\/?page_id=3872"]}]},{"@type":"BreadcrumbList","@id":"https:\/\/atenealuxury.com\/?page_id=3872#breadcrumb","itemListElement":[{"@type":"ListItem","position":1,"name":"Inicio","item":"https:\/\/atenealuxury.com\/"},{"@type":"ListItem","position":2,"name":"Nicho"}]},{"@type":"WebSite","@id":"https:\/\/atenealuxury.com\/#website","url":"https:\/\/atenealuxury.com\/","name":"Atenea Luxury","description":"Tienda de perfumes \u00e1rabes, de nicho y dise\u00f1ador para \u00e9l y para ella.","publisher":{"@id":"https:\/\/atenealuxury.com\/#organization"},"alternateName":"atenea luxury","potentialAction":[{"@type":"SearchAction","target":{"@type":"EntryPoint","urlTemplate":"https:\/\/atenealuxury.com\/?s={search_term_string}"},"query-input":{"@type":"PropertyValueSpecification","valueRequired":true,"valueName":"search_term_string"}}],"inLanguage":"es"},{"@type":"Organization","@id":"https:\/\/atenealuxury.com\/#organization","name":"Atenea Luxury","alternateName":"atenealuxury.com","url":"https:\/\/atenealuxury.com\/","logo":{"@type":"ImageObject","inLanguage":"es","@id":"https:\/\/atenealuxury.com\/#\/schema\/logo\/image\/","url":"https:\/\/atenealuxury.com\/wp-content\/uploads\/2025\/04\/cropped-ICONO-ATENEA-LUXURY.png","contentUrl":"https:\/\/atenealuxury.com\/wp-content\/uploads\/2025\/04\/cropped-ICONO-ATENEA-LUXURY.png","width":512,"height":512,"caption":"Atenea Luxury"},"image":{"@id":"https:\/\/atenealuxury.com\/#\/schema\/logo\/image\/"}}]}},"jetpack_sharing_enabled":true,"_links":{"self":[{"href":"https:\/\/atenealuxury.com\/index.php?rest_route=\/wp\/v2\/pages\/3872","targetHints":{"allow":["GET"]}}],"collection":[{"href":"https:\/\/atenealuxury.com\/index.php?rest_route=\/wp\/v2\/pages"}],"about":[{"href":"https:\/\/atenealuxury.com\/index.php?rest_route=\/wp\/v2\/types\/page"}],"author":[{"embeddable":true,"href":"https:\/\/atenealuxury.com\/index.php?rest_route=\/wp\/v2\/users\/1"}],"replies":[{"embeddable":true,"href":"https:\/\/atenealuxury.com\/index.php?rest_route=%2Fwp%2Fv2%2Fcomments&post=3872"}],"version-history":[{"count":2,"href":"https:\/\/atenealuxury.com\/index.php?rest_route=\/wp\/v2\/pages\/3872\/revisions"}],"predecessor-version":[{"id":3903,"href":"https:\/\/atenealuxury.com\/index.php?rest_route=\/wp\/v2\/pages\/3872\/revisions\/3903"}],"wp:attachment":[{"href":"https:\/\/atenealuxury.com\/index.php?rest_route=%2Fwp%2Fv2%2Fmedia&parent=3872"}],"curies":[{"name":"wp","href":"https:\/\/api.w.org\/{rel}","templated":true}]}}