{"id":3548,"date":"2025-04-27T18:21:50","date_gmt":"2025-04-27T18:21:50","guid":{"rendered":"https:\/\/atenealuxury.com\/?post_type=product&#038;p=3548"},"modified":"2026-04-01T00:53:35","modified_gmt":"2026-04-01T00:53:35","slug":"scandal-homme-edt-150ml","status":"publish","type":"product","link":"https:\/\/atenealuxury.com\/?product=scandal-homme-edt-150ml","title":{"rendered":"Jean Paul Gaultier Scandal Pour Homme Eau de Toilette 150ML"},"content":{"rendered":"<p><span style=\"font-weight: 400;\">Un perfume dise\u00f1ado para el hombre audaz y sofisticado que busca dejar una impresi\u00f3n duradera. Con una composici\u00f3n intensa y cautivadora, este Eau de Toilette de 100 ml se convierte en una fragancia \u00fanica que marca la diferencia, ideal para quienes desean destacarse con un aroma elegante y atractivo.\u00a0<\/span><\/p>\n<ul>\n<li><span style=\"font-weight: 400;\"><strong>Familia Olfativa:<\/strong> C\u00edtrica.<\/span><\/li>\n<li><span style=\"font-weight: 400;\"><strong>Notas de Base:<\/strong> S\u00e1ndalo, Musgo, Cedro, Vainilla.<\/span><\/li>\n<li><span style=\"font-weight: 400;\"><strong>Notas de Coraz\u00f3n:<\/strong> Jazm\u00edn, Geranio, Nuez Moscada, Ra\u00edz De Lirio.<\/span><\/li>\n<li><span style=\"font-weight: 400;\"><strong>Notas de Salida:<\/strong> Bergamota, Cedr\u00f3n (Hierba Luisa, Verbena De Olor), Naranja, Menta, G\u00e1lbano, Petit Grain.<\/span><\/li>\n<\/ul>\n<p>&nbsp;<\/p>\n<h3><strong>MODO DE USO<\/strong><\/h3>\n<p>Para prolongar el aroma durante m\u00e1s tiempo, aplica tu fragancia en el interior de las mu\u00f1ecas y detr\u00e1s del l\u00f3bulo de las orejas. Estas zonas de pulso tienen una temperatura superior al resto del cuerpo, y esto ayudar\u00e1 a que la fragancia se evapore m\u00e1s lentamente. Aplicar perfume directamente sobre la ropa, puede manchar, da\u00f1ar y alterar el tejido.<\/p>\n<p>&nbsp;<\/p>\n","protected":false},"excerpt":{"rendered":"<ul>\n<li aria-level=\"1\">Familia olfativa Oriental Amaderada<\/li>\n<li style=\"font-weight: 400;\" aria-level=\"1\"><span style=\"font-weight: 400;\">Tama\u00f1o \/ Presentaci\u00f3n: 150ml<\/span><\/li>\n<li style=\"font-weight: 400;\" aria-level=\"1\"><span style=\"font-weight: 400;\">Marca: Lattafa<\/span><\/li>\n<\/ul>\n<p>&nbsp;<\/p>\n","protected":false},"featured_media":3549,"comment_status":"open","ping_status":"closed","template":"","meta":{"_monsterinsights_skip_tracking":false,"_monsterinsights_sitenote_active":false,"_monsterinsights_sitenote_note":"","_monsterinsights_sitenote_category":0,"_kadence_starter_templates_imported_post":false,"_kad_post_transparent":"default","_kad_post_title":"","_kad_post_layout":"default","_kad_post_sidebar_id":"","_kad_post_content_style":"default","_kad_post_vertical_padding":"default","_kad_post_feature":"","_kad_post_feature_position":"","_kad_post_header":false,"_kad_post_footer":false,"_kad_post_classname":"","_joinchat":{"telephone":"+51938102908","message_text":"\u00a1Cont\u00e1ctanos y lleva tu esencia al siguiente nivel!","message_send":"\u00bfListo para dejar huella con tu fragancia?\nDescubre el poder de Scandal Homme de Jean Paul Gaultier."}},"product_brand":[],"product_cat":[63,42],"product_tag":[65,66,64],"class_list":{"0":"post-3548","1":"product","2":"type-product","3":"status-publish","4":"has-post-thumbnail","6":"product_cat-disenador","7":"product_cat-hombres","8":"product_tag-eau-de-toilette","9":"product_tag-jean-paul-gaultier-perfume","10":"product_tag-scandal-homme","12":"first","13":"instock","14":"sale","15":"taxable","16":"shipping-taxable","17":"purchasable","18":"product-type-simple","19":"entry","20":"content-bg","21":"loop-entry"},"yoast_head":"<!-- This site is optimized with the Yoast SEO plugin v25.4 - https:\/\/yoast.com\/wordpress\/plugins\/seo\/ -->\n<title>Scandal Pour Homme 150 ml | Jean Paul Gaultier Eau de Toilette<\/title>\n<meta name=\"description\" content=\"Scandal Pour Homme EDT 150 ml de Jean Paul Gaultier. Perfume masculino intenso, dulce y amaderado. Ideal para hombres con actitud.\" \/>\n<meta name=\"robots\" content=\"index, follow, max-snippet:-1, max-image-preview:large, max-video-preview:-1\" \/>\n<link rel=\"canonical\" href=\"https:\/\/atenealuxury.com\/?product=scandal-homme-edt-150ml\" \/>\n<meta property=\"og:locale\" content=\"es_ES\" \/>\n<meta property=\"og:type\" content=\"article\" \/>\n<meta property=\"og:title\" content=\"Scandal Pour Homme 150 ml | Jean Paul Gaultier Eau de Toilette\" \/>\n<meta property=\"og:description\" content=\"Scandal Pour Homme EDT 150 ml de Jean Paul Gaultier. Perfume masculino intenso, dulce y amaderado. Ideal para hombres con actitud.\" \/>\n<meta property=\"og:url\" content=\"https:\/\/atenealuxury.com\/?product=scandal-homme-edt-150ml\" \/>\n<meta property=\"og:site_name\" content=\"atenealuxury.com\" \/>\n<meta property=\"article:modified_time\" content=\"2026-04-01T00:53:35+00:00\" \/>\n<meta property=\"og:image\" content=\"https:\/\/atenealuxury.com\/wp-content\/uploads\/2025\/04\/WhatsApp-Image-2025-04-26-at-3.50.41-AM.jpeg\" \/>\n\t<meta property=\"og:image:width\" content=\"1200\" \/>\n\t<meta property=\"og:image:height\" content=\"1600\" \/>\n\t<meta property=\"og:image:type\" content=\"image\/jpeg\" \/>\n<meta name=\"twitter:card\" content=\"summary_large_image\" \/>\n<meta name=\"twitter:label1\" content=\"Tiempo de lectura\" \/>\n\t<meta name=\"twitter:data1\" content=\"1 minuto\" \/>\n<script type=\"application\/ld+json\" class=\"yoast-schema-graph\">{\"@context\":\"https:\/\/schema.org\",\"@graph\":[{\"@type\":\"WebPage\",\"@id\":\"https:\/\/atenealuxury.com\/?product=scandal-homme-edt-150ml\",\"url\":\"https:\/\/atenealuxury.com\/?product=scandal-homme-edt-150ml\",\"name\":\"Scandal Pour Homme 150 ml | Jean Paul Gaultier Eau de Toilette\",\"isPartOf\":{\"@id\":\"https:\/\/atenealuxury.com\/#website\"},\"primaryImageOfPage\":{\"@id\":\"https:\/\/atenealuxury.com\/?product=scandal-homme-edt-150ml#primaryimage\"},\"image\":{\"@id\":\"https:\/\/atenealuxury.com\/?product=scandal-homme-edt-150ml#primaryimage\"},\"thumbnailUrl\":\"https:\/\/atenealuxury.com\/wp-content\/uploads\/2025\/04\/WhatsApp-Image-2025-04-26-at-3.50.41-AM.jpeg\",\"datePublished\":\"2025-04-27T18:21:50+00:00\",\"dateModified\":\"2026-04-01T00:53:35+00:00\",\"description\":\"Scandal Pour Homme EDT 150 ml de Jean Paul Gaultier. Perfume masculino intenso, dulce y amaderado. Ideal para hombres con actitud.\",\"breadcrumb\":{\"@id\":\"https:\/\/atenealuxury.com\/?product=scandal-homme-edt-150ml#breadcrumb\"},\"inLanguage\":\"es\",\"potentialAction\":[{\"@type\":\"ReadAction\",\"target\":[\"https:\/\/atenealuxury.com\/?product=scandal-homme-edt-150ml\"]}]},{\"@type\":\"ImageObject\",\"inLanguage\":\"es\",\"@id\":\"https:\/\/atenealuxury.com\/?product=scandal-homme-edt-150ml#primaryimage\",\"url\":\"https:\/\/atenealuxury.com\/wp-content\/uploads\/2025\/04\/WhatsApp-Image-2025-04-26-at-3.50.41-AM.jpeg\",\"contentUrl\":\"https:\/\/atenealuxury.com\/wp-content\/uploads\/2025\/04\/WhatsApp-Image-2025-04-26-at-3.50.41-AM.jpeg\",\"width\":1200,\"height\":1600},{\"@type\":\"BreadcrumbList\",\"@id\":\"https:\/\/atenealuxury.com\/?product=scandal-homme-edt-150ml#breadcrumb\",\"itemListElement\":[{\"@type\":\"ListItem\",\"position\":1,\"name\":\"Inicio\",\"item\":\"https:\/\/atenealuxury.com\/\"},{\"@type\":\"ListItem\",\"position\":2,\"name\":\"Tienda\",\"item\":\"https:\/\/atenealuxury.com\/?page_id=3488\"},{\"@type\":\"ListItem\",\"position\":3,\"name\":\"Jean Paul Gaultier Scandal Pour Homme Eau de Toilette 150ML\"}]},{\"@type\":\"WebSite\",\"@id\":\"https:\/\/atenealuxury.com\/#website\",\"url\":\"https:\/\/atenealuxury.com\/\",\"name\":\"Atenea Luxury\",\"description\":\"Tienda de perfumes \u00e1rabes, de nicho y dise\u00f1ador para \u00e9l y para ella.\",\"publisher\":{\"@id\":\"https:\/\/atenealuxury.com\/#organization\"},\"alternateName\":\"atenea luxury\",\"potentialAction\":[{\"@type\":\"SearchAction\",\"target\":{\"@type\":\"EntryPoint\",\"urlTemplate\":\"https:\/\/atenealuxury.com\/?s={search_term_string}\"},\"query-input\":{\"@type\":\"PropertyValueSpecification\",\"valueRequired\":true,\"valueName\":\"search_term_string\"}}],\"inLanguage\":\"es\"},{\"@type\":\"Organization\",\"@id\":\"https:\/\/atenealuxury.com\/#organization\",\"name\":\"Atenea Luxury\",\"alternateName\":\"atenealuxury.com\",\"url\":\"https:\/\/atenealuxury.com\/\",\"logo\":{\"@type\":\"ImageObject\",\"inLanguage\":\"es\",\"@id\":\"https:\/\/atenealuxury.com\/#\/schema\/logo\/image\/\",\"url\":\"https:\/\/atenealuxury.com\/wp-content\/uploads\/2025\/04\/cropped-ICONO-ATENEA-LUXURY.png\",\"contentUrl\":\"https:\/\/atenealuxury.com\/wp-content\/uploads\/2025\/04\/cropped-ICONO-ATENEA-LUXURY.png\",\"width\":512,\"height\":512,\"caption\":\"Atenea Luxury\"},\"image\":{\"@id\":\"https:\/\/atenealuxury.com\/#\/schema\/logo\/image\/\"}}]}<\/script>\n<!-- \/ Yoast SEO plugin. -->","yoast_head_json":{"title":"Scandal Pour Homme 150 ml | Jean Paul Gaultier Eau de Toilette","description":"Scandal Pour Homme EDT 150 ml de Jean Paul Gaultier. Perfume masculino intenso, dulce y amaderado. Ideal para hombres con actitud.","robots":{"index":"index","follow":"follow","max-snippet":"max-snippet:-1","max-image-preview":"max-image-preview:large","max-video-preview":"max-video-preview:-1"},"canonical":"https:\/\/atenealuxury.com\/?product=scandal-homme-edt-150ml","og_locale":"es_ES","og_type":"article","og_title":"Scandal Pour Homme 150 ml | Jean Paul Gaultier Eau de Toilette","og_description":"Scandal Pour Homme EDT 150 ml de Jean Paul Gaultier. Perfume masculino intenso, dulce y amaderado. Ideal para hombres con actitud.","og_url":"https:\/\/atenealuxury.com\/?product=scandal-homme-edt-150ml","og_site_name":"atenealuxury.com","article_modified_time":"2026-04-01T00:53:35+00:00","og_image":[{"width":1200,"height":1600,"url":"https:\/\/atenealuxury.com\/wp-content\/uploads\/2025\/04\/WhatsApp-Image-2025-04-26-at-3.50.41-AM.jpeg","type":"image\/jpeg"}],"twitter_card":"summary_large_image","twitter_misc":{"Tiempo de lectura":"1 minuto"},"schema":{"@context":"https:\/\/schema.org","@graph":[{"@type":"WebPage","@id":"https:\/\/atenealuxury.com\/?product=scandal-homme-edt-150ml","url":"https:\/\/atenealuxury.com\/?product=scandal-homme-edt-150ml","name":"Scandal Pour Homme 150 ml | Jean Paul Gaultier Eau de Toilette","isPartOf":{"@id":"https:\/\/atenealuxury.com\/#website"},"primaryImageOfPage":{"@id":"https:\/\/atenealuxury.com\/?product=scandal-homme-edt-150ml#primaryimage"},"image":{"@id":"https:\/\/atenealuxury.com\/?product=scandal-homme-edt-150ml#primaryimage"},"thumbnailUrl":"https:\/\/atenealuxury.com\/wp-content\/uploads\/2025\/04\/WhatsApp-Image-2025-04-26-at-3.50.41-AM.jpeg","datePublished":"2025-04-27T18:21:50+00:00","dateModified":"2026-04-01T00:53:35+00:00","description":"Scandal Pour Homme EDT 150 ml de Jean Paul Gaultier. Perfume masculino intenso, dulce y amaderado. Ideal para hombres con actitud.","breadcrumb":{"@id":"https:\/\/atenealuxury.com\/?product=scandal-homme-edt-150ml#breadcrumb"},"inLanguage":"es","potentialAction":[{"@type":"ReadAction","target":["https:\/\/atenealuxury.com\/?product=scandal-homme-edt-150ml"]}]},{"@type":"ImageObject","inLanguage":"es","@id":"https:\/\/atenealuxury.com\/?product=scandal-homme-edt-150ml#primaryimage","url":"https:\/\/atenealuxury.com\/wp-content\/uploads\/2025\/04\/WhatsApp-Image-2025-04-26-at-3.50.41-AM.jpeg","contentUrl":"https:\/\/atenealuxury.com\/wp-content\/uploads\/2025\/04\/WhatsApp-Image-2025-04-26-at-3.50.41-AM.jpeg","width":1200,"height":1600},{"@type":"BreadcrumbList","@id":"https:\/\/atenealuxury.com\/?product=scandal-homme-edt-150ml#breadcrumb","itemListElement":[{"@type":"ListItem","position":1,"name":"Inicio","item":"https:\/\/atenealuxury.com\/"},{"@type":"ListItem","position":2,"name":"Tienda","item":"https:\/\/atenealuxury.com\/?page_id=3488"},{"@type":"ListItem","position":3,"name":"Jean Paul Gaultier Scandal Pour Homme Eau de Toilette 150ML"}]},{"@type":"WebSite","@id":"https:\/\/atenealuxury.com\/#website","url":"https:\/\/atenealuxury.com\/","name":"Atenea Luxury","description":"Tienda de perfumes \u00e1rabes, de nicho y dise\u00f1ador para \u00e9l y para ella.","publisher":{"@id":"https:\/\/atenealuxury.com\/#organization"},"alternateName":"atenea luxury","potentialAction":[{"@type":"SearchAction","target":{"@type":"EntryPoint","urlTemplate":"https:\/\/atenealuxury.com\/?s={search_term_string}"},"query-input":{"@type":"PropertyValueSpecification","valueRequired":true,"valueName":"search_term_string"}}],"inLanguage":"es"},{"@type":"Organization","@id":"https:\/\/atenealuxury.com\/#organization","name":"Atenea Luxury","alternateName":"atenealuxury.com","url":"https:\/\/atenealuxury.com\/","logo":{"@type":"ImageObject","inLanguage":"es","@id":"https:\/\/atenealuxury.com\/#\/schema\/logo\/image\/","url":"https:\/\/atenealuxury.com\/wp-content\/uploads\/2025\/04\/cropped-ICONO-ATENEA-LUXURY.png","contentUrl":"https:\/\/atenealuxury.com\/wp-content\/uploads\/2025\/04\/cropped-ICONO-ATENEA-LUXURY.png","width":512,"height":512,"caption":"Atenea Luxury"},"image":{"@id":"https:\/\/atenealuxury.com\/#\/schema\/logo\/image\/"}}]}},"jetpack_sharing_enabled":true,"_links":{"self":[{"href":"https:\/\/atenealuxury.com\/index.php?rest_route=\/wp\/v2\/product\/3548","targetHints":{"allow":["GET"]}}],"collection":[{"href":"https:\/\/atenealuxury.com\/index.php?rest_route=\/wp\/v2\/product"}],"about":[{"href":"https:\/\/atenealuxury.com\/index.php?rest_route=\/wp\/v2\/types\/product"}],"replies":[{"embeddable":true,"href":"https:\/\/atenealuxury.com\/index.php?rest_route=%2Fwp%2Fv2%2Fcomments&post=3548"}],"wp:featuredmedia":[{"embeddable":true,"href":"https:\/\/atenealuxury.com\/index.php?rest_route=\/wp\/v2\/media\/3549"}],"wp:attachment":[{"href":"https:\/\/atenealuxury.com\/index.php?rest_route=%2Fwp%2Fv2%2Fmedia&parent=3548"}],"wp:term":[{"taxonomy":"product_brand","embeddable":true,"href":"https:\/\/atenealuxury.com\/index.php?rest_route=%2Fwp%2Fv2%2Fproduct_brand&post=3548"},{"taxonomy":"product_cat","embeddable":true,"href":"https:\/\/atenealuxury.com\/index.php?rest_route=%2Fwp%2Fv2%2Fproduct_cat&post=3548"},{"taxonomy":"product_tag","embeddable":true,"href":"https:\/\/atenealuxury.com\/index.php?rest_route=%2Fwp%2Fv2%2Fproduct_tag&post=3548"}],"curies":[{"name":"wp","href":"https:\/\/api.w.org\/{rel}","templated":true}]}}