{"id":3562,"date":"2025-04-27T20:36:14","date_gmt":"2025-04-27T20:36:14","guid":{"rendered":"https:\/\/atenealuxury.com\/?post_type=product&#038;p=3562"},"modified":"2026-04-18T12:04:54","modified_gmt":"2026-04-18T12:04:54","slug":"lattafa-asad-edp","status":"publish","type":"product","link":"https:\/\/atenealuxury.com\/?product=lattafa-asad-edp","title":{"rendered":"Asad lattafa Eau De Parfum 100ML"},"content":{"rendered":"<p><span style=\"font-weight: 400;\">Asad de Lattafa es una fragancia oriental masculina que rinde homenaje al cl\u00e1sico Dior Sauvage Elixir, pero con su propio giro distintivo. Se caracteriza por una composici\u00f3n \u00fanica que combina lo dulce y lo elegante, creando un aroma cautivador y moderno.<\/span><\/p>\n<p>Est\u00e1 dise\u00f1ado para el hombre seguro de s\u00ed mismo que sabe lo que quiere. Esta fragancia le dar\u00e1 la confianza que necesita para conquistar cualquier cosa que se le presente. Ya sea que est\u00e9 en una reuni\u00f3n de negocios importante o en una cena rom\u00e1ntica, Lattafa Asad lo har\u00e1 sentir como si pudiera conquistar el mundo.<\/p>\n<ul>\n<li><b>Notas de salida:<\/b><span style=\"font-weight: 400;\"> son pimienta negra, tabaco y pi\u00f1a.<\/span><\/li>\n<li><b>Notas de coraz\u00f3n:<\/b><span style=\"font-weight: 400;\"> son pachul\u00ed, caf\u00e9 y iris<\/span><\/li>\n<li><b>Notas de fondo:<\/b><span style=\"font-weight: 400;\"> son vainilla, \u00e1mbar, Madera seca, benju\u00ed y l\u00e1dano.<\/span><\/li>\n<\/ul>\n<h3><b>MODO DE USO<\/b><\/h3>\n<p>Para prolongar el aroma durante m\u00e1s tiempo, aplica tu fragancia en el interior de las mu\u00f1ecas y detr\u00e1s del l\u00f3bulo de las orejas. Estas zonas de pulso tienen una temperatura superior al resto del cuerpo, y esto ayudar\u00e1 a que la fragancia se evapore m\u00e1s lentamente. Aplicar perfume directamente sobre la ropa, puede manchar, da\u00f1ar y alterar el tejido.<\/p>\n","protected":false},"excerpt":{"rendered":"<ul>\n<li>Familia olfativa Oriental<\/li>\n<li>Tama\u00f1o \/ Presentaci\u00f3n: 100ml.<\/li>\n<li>Marca: Lattafa<\/li>\n<\/ul>\n<p>Perfume \u00e1rabe elaborado en Emiratos \u00c1rabes Unidos.<\/p>\n","protected":false},"featured_media":3610,"comment_status":"open","ping_status":"closed","template":"","meta":{"_monsterinsights_skip_tracking":false,"_monsterinsights_sitenote_active":false,"_monsterinsights_sitenote_note":"","_monsterinsights_sitenote_category":0,"_kadence_starter_templates_imported_post":false,"_kad_post_transparent":"default","_kad_post_title":"","_kad_post_layout":"default","_kad_post_sidebar_id":"","_kad_post_content_style":"default","_kad_post_vertical_padding":"default","_kad_post_feature":"","_kad_post_feature_position":"","_kad_post_header":false,"_kad_post_footer":false,"_kad_post_classname":"","_joinchat":[]},"product_brand":[],"product_cat":[59,42],"product_tag":[],"class_list":{"0":"post-3562","1":"product","2":"type-product","3":"status-publish","4":"has-post-thumbnail","6":"product_cat-arabes","7":"product_cat-hombres","9":"first","10":"instock","11":"sale","12":"taxable","13":"shipping-taxable","14":"purchasable","15":"product-type-simple","16":"entry","17":"content-bg","18":"loop-entry"},"yoast_head":"<!-- This site is optimized with the Yoast SEO plugin v25.4 - https:\/\/yoast.com\/wordpress\/plugins\/seo\/ -->\n<title>Asad Lattafa EDP 100 ml | Fragancia Oriental para Hombre<\/title>\n<meta name=\"description\" content=\"Fragancia masculina Asad Eau de Parfum de Lattafa. Ideal para hombres seguros y con car\u00e1cter. Amaderada, c\u00e1lida y sofisticada.\" \/>\n<meta name=\"robots\" content=\"index, follow, max-snippet:-1, max-image-preview:large, max-video-preview:-1\" \/>\n<link rel=\"canonical\" href=\"https:\/\/atenealuxury.com\/?product=lattafa-asad-edp\" \/>\n<meta property=\"og:locale\" content=\"es_ES\" \/>\n<meta property=\"og:type\" content=\"article\" \/>\n<meta property=\"og:title\" content=\"Asad Lattafa EDP 100 ml | Fragancia Oriental para Hombre\" \/>\n<meta property=\"og:description\" content=\"Fragancia masculina Asad Eau de Parfum de Lattafa. Ideal para hombres seguros y con car\u00e1cter. Amaderada, c\u00e1lida y sofisticada.\" \/>\n<meta property=\"og:url\" content=\"https:\/\/atenealuxury.com\/?product=lattafa-asad-edp\" \/>\n<meta property=\"og:site_name\" content=\"atenealuxury.com\" \/>\n<meta property=\"article:modified_time\" content=\"2026-04-18T12:04:54+00:00\" \/>\n<meta property=\"og:image\" content=\"https:\/\/atenealuxury.com\/wp-content\/uploads\/2025\/04\/Perfume-Asad-LATTAFA-Photoroom.jpg\" \/>\n\t<meta property=\"og:image:width\" content=\"1500\" \/>\n\t<meta property=\"og:image:height\" content=\"2000\" \/>\n\t<meta property=\"og:image:type\" content=\"image\/jpeg\" \/>\n<meta name=\"twitter:card\" content=\"summary_large_image\" \/>\n<meta name=\"twitter:label1\" content=\"Tiempo de lectura\" \/>\n\t<meta name=\"twitter:data1\" content=\"2 minutos\" \/>\n<script type=\"application\/ld+json\" class=\"yoast-schema-graph\">{\"@context\":\"https:\/\/schema.org\",\"@graph\":[{\"@type\":\"WebPage\",\"@id\":\"https:\/\/atenealuxury.com\/?product=lattafa-asad-edp\",\"url\":\"https:\/\/atenealuxury.com\/?product=lattafa-asad-edp\",\"name\":\"Asad Lattafa EDP 100 ml | Fragancia Oriental para Hombre\",\"isPartOf\":{\"@id\":\"https:\/\/atenealuxury.com\/#website\"},\"primaryImageOfPage\":{\"@id\":\"https:\/\/atenealuxury.com\/?product=lattafa-asad-edp#primaryimage\"},\"image\":{\"@id\":\"https:\/\/atenealuxury.com\/?product=lattafa-asad-edp#primaryimage\"},\"thumbnailUrl\":\"https:\/\/atenealuxury.com\/wp-content\/uploads\/2025\/04\/Perfume-Asad-LATTAFA-Photoroom.jpg\",\"datePublished\":\"2025-04-27T20:36:14+00:00\",\"dateModified\":\"2026-04-18T12:04:54+00:00\",\"description\":\"Fragancia masculina Asad Eau de Parfum de Lattafa. Ideal para hombres seguros y con car\u00e1cter. Amaderada, c\u00e1lida y sofisticada.\",\"breadcrumb\":{\"@id\":\"https:\/\/atenealuxury.com\/?product=lattafa-asad-edp#breadcrumb\"},\"inLanguage\":\"es\",\"potentialAction\":[{\"@type\":\"ReadAction\",\"target\":[\"https:\/\/atenealuxury.com\/?product=lattafa-asad-edp\"]}]},{\"@type\":\"ImageObject\",\"inLanguage\":\"es\",\"@id\":\"https:\/\/atenealuxury.com\/?product=lattafa-asad-edp#primaryimage\",\"url\":\"https:\/\/atenealuxury.com\/wp-content\/uploads\/2025\/04\/Perfume-Asad-LATTAFA-Photoroom.jpg\",\"contentUrl\":\"https:\/\/atenealuxury.com\/wp-content\/uploads\/2025\/04\/Perfume-Asad-LATTAFA-Photoroom.jpg\",\"width\":1500,\"height\":2000},{\"@type\":\"BreadcrumbList\",\"@id\":\"https:\/\/atenealuxury.com\/?product=lattafa-asad-edp#breadcrumb\",\"itemListElement\":[{\"@type\":\"ListItem\",\"position\":1,\"name\":\"Inicio\",\"item\":\"https:\/\/atenealuxury.com\/\"},{\"@type\":\"ListItem\",\"position\":2,\"name\":\"Tienda\",\"item\":\"https:\/\/atenealuxury.com\/?page_id=3488\"},{\"@type\":\"ListItem\",\"position\":3,\"name\":\"Asad lattafa Eau De Parfum 100ML\"}]},{\"@type\":\"WebSite\",\"@id\":\"https:\/\/atenealuxury.com\/#website\",\"url\":\"https:\/\/atenealuxury.com\/\",\"name\":\"Atenea Luxury\",\"description\":\"Tienda de perfumes \u00e1rabes, de nicho y dise\u00f1ador para \u00e9l y para ella.\",\"publisher\":{\"@id\":\"https:\/\/atenealuxury.com\/#organization\"},\"alternateName\":\"atenea luxury\",\"potentialAction\":[{\"@type\":\"SearchAction\",\"target\":{\"@type\":\"EntryPoint\",\"urlTemplate\":\"https:\/\/atenealuxury.com\/?s={search_term_string}\"},\"query-input\":{\"@type\":\"PropertyValueSpecification\",\"valueRequired\":true,\"valueName\":\"search_term_string\"}}],\"inLanguage\":\"es\"},{\"@type\":\"Organization\",\"@id\":\"https:\/\/atenealuxury.com\/#organization\",\"name\":\"Atenea Luxury\",\"alternateName\":\"atenealuxury.com\",\"url\":\"https:\/\/atenealuxury.com\/\",\"logo\":{\"@type\":\"ImageObject\",\"inLanguage\":\"es\",\"@id\":\"https:\/\/atenealuxury.com\/#\/schema\/logo\/image\/\",\"url\":\"https:\/\/atenealuxury.com\/wp-content\/uploads\/2025\/04\/cropped-ICONO-ATENEA-LUXURY.png\",\"contentUrl\":\"https:\/\/atenealuxury.com\/wp-content\/uploads\/2025\/04\/cropped-ICONO-ATENEA-LUXURY.png\",\"width\":512,\"height\":512,\"caption\":\"Atenea Luxury\"},\"image\":{\"@id\":\"https:\/\/atenealuxury.com\/#\/schema\/logo\/image\/\"}}]}<\/script>\n<!-- \/ Yoast SEO plugin. -->","yoast_head_json":{"title":"Asad Lattafa EDP 100 ml | Fragancia Oriental para Hombre","description":"Fragancia masculina Asad Eau de Parfum de Lattafa. Ideal para hombres seguros y con car\u00e1cter. Amaderada, c\u00e1lida y sofisticada.","robots":{"index":"index","follow":"follow","max-snippet":"max-snippet:-1","max-image-preview":"max-image-preview:large","max-video-preview":"max-video-preview:-1"},"canonical":"https:\/\/atenealuxury.com\/?product=lattafa-asad-edp","og_locale":"es_ES","og_type":"article","og_title":"Asad Lattafa EDP 100 ml | Fragancia Oriental para Hombre","og_description":"Fragancia masculina Asad Eau de Parfum de Lattafa. Ideal para hombres seguros y con car\u00e1cter. Amaderada, c\u00e1lida y sofisticada.","og_url":"https:\/\/atenealuxury.com\/?product=lattafa-asad-edp","og_site_name":"atenealuxury.com","article_modified_time":"2026-04-18T12:04:54+00:00","og_image":[{"width":1500,"height":2000,"url":"https:\/\/atenealuxury.com\/wp-content\/uploads\/2025\/04\/Perfume-Asad-LATTAFA-Photoroom.jpg","type":"image\/jpeg"}],"twitter_card":"summary_large_image","twitter_misc":{"Tiempo de lectura":"2 minutos"},"schema":{"@context":"https:\/\/schema.org","@graph":[{"@type":"WebPage","@id":"https:\/\/atenealuxury.com\/?product=lattafa-asad-edp","url":"https:\/\/atenealuxury.com\/?product=lattafa-asad-edp","name":"Asad Lattafa EDP 100 ml | Fragancia Oriental para Hombre","isPartOf":{"@id":"https:\/\/atenealuxury.com\/#website"},"primaryImageOfPage":{"@id":"https:\/\/atenealuxury.com\/?product=lattafa-asad-edp#primaryimage"},"image":{"@id":"https:\/\/atenealuxury.com\/?product=lattafa-asad-edp#primaryimage"},"thumbnailUrl":"https:\/\/atenealuxury.com\/wp-content\/uploads\/2025\/04\/Perfume-Asad-LATTAFA-Photoroom.jpg","datePublished":"2025-04-27T20:36:14+00:00","dateModified":"2026-04-18T12:04:54+00:00","description":"Fragancia masculina Asad Eau de Parfum de Lattafa. Ideal para hombres seguros y con car\u00e1cter. Amaderada, c\u00e1lida y sofisticada.","breadcrumb":{"@id":"https:\/\/atenealuxury.com\/?product=lattafa-asad-edp#breadcrumb"},"inLanguage":"es","potentialAction":[{"@type":"ReadAction","target":["https:\/\/atenealuxury.com\/?product=lattafa-asad-edp"]}]},{"@type":"ImageObject","inLanguage":"es","@id":"https:\/\/atenealuxury.com\/?product=lattafa-asad-edp#primaryimage","url":"https:\/\/atenealuxury.com\/wp-content\/uploads\/2025\/04\/Perfume-Asad-LATTAFA-Photoroom.jpg","contentUrl":"https:\/\/atenealuxury.com\/wp-content\/uploads\/2025\/04\/Perfume-Asad-LATTAFA-Photoroom.jpg","width":1500,"height":2000},{"@type":"BreadcrumbList","@id":"https:\/\/atenealuxury.com\/?product=lattafa-asad-edp#breadcrumb","itemListElement":[{"@type":"ListItem","position":1,"name":"Inicio","item":"https:\/\/atenealuxury.com\/"},{"@type":"ListItem","position":2,"name":"Tienda","item":"https:\/\/atenealuxury.com\/?page_id=3488"},{"@type":"ListItem","position":3,"name":"Asad lattafa Eau De Parfum 100ML"}]},{"@type":"WebSite","@id":"https:\/\/atenealuxury.com\/#website","url":"https:\/\/atenealuxury.com\/","name":"Atenea Luxury","description":"Tienda de perfumes \u00e1rabes, de nicho y dise\u00f1ador para \u00e9l y para ella.","publisher":{"@id":"https:\/\/atenealuxury.com\/#organization"},"alternateName":"atenea luxury","potentialAction":[{"@type":"SearchAction","target":{"@type":"EntryPoint","urlTemplate":"https:\/\/atenealuxury.com\/?s={search_term_string}"},"query-input":{"@type":"PropertyValueSpecification","valueRequired":true,"valueName":"search_term_string"}}],"inLanguage":"es"},{"@type":"Organization","@id":"https:\/\/atenealuxury.com\/#organization","name":"Atenea Luxury","alternateName":"atenealuxury.com","url":"https:\/\/atenealuxury.com\/","logo":{"@type":"ImageObject","inLanguage":"es","@id":"https:\/\/atenealuxury.com\/#\/schema\/logo\/image\/","url":"https:\/\/atenealuxury.com\/wp-content\/uploads\/2025\/04\/cropped-ICONO-ATENEA-LUXURY.png","contentUrl":"https:\/\/atenealuxury.com\/wp-content\/uploads\/2025\/04\/cropped-ICONO-ATENEA-LUXURY.png","width":512,"height":512,"caption":"Atenea Luxury"},"image":{"@id":"https:\/\/atenealuxury.com\/#\/schema\/logo\/image\/"}}]}},"jetpack_sharing_enabled":true,"_links":{"self":[{"href":"https:\/\/atenealuxury.com\/index.php?rest_route=\/wp\/v2\/product\/3562","targetHints":{"allow":["GET"]}}],"collection":[{"href":"https:\/\/atenealuxury.com\/index.php?rest_route=\/wp\/v2\/product"}],"about":[{"href":"https:\/\/atenealuxury.com\/index.php?rest_route=\/wp\/v2\/types\/product"}],"replies":[{"embeddable":true,"href":"https:\/\/atenealuxury.com\/index.php?rest_route=%2Fwp%2Fv2%2Fcomments&post=3562"}],"wp:featuredmedia":[{"embeddable":true,"href":"https:\/\/atenealuxury.com\/index.php?rest_route=\/wp\/v2\/media\/3610"}],"wp:attachment":[{"href":"https:\/\/atenealuxury.com\/index.php?rest_route=%2Fwp%2Fv2%2Fmedia&parent=3562"}],"wp:term":[{"taxonomy":"product_brand","embeddable":true,"href":"https:\/\/atenealuxury.com\/index.php?rest_route=%2Fwp%2Fv2%2Fproduct_brand&post=3562"},{"taxonomy":"product_cat","embeddable":true,"href":"https:\/\/atenealuxury.com\/index.php?rest_route=%2Fwp%2Fv2%2Fproduct_cat&post=3562"},{"taxonomy":"product_tag","embeddable":true,"href":"https:\/\/atenealuxury.com\/index.php?rest_route=%2Fwp%2Fv2%2Fproduct_tag&post=3562"}],"curies":[{"name":"wp","href":"https:\/\/api.w.org\/{rel}","templated":true}]}}