{"id":3644,"date":"2025-04-28T03:39:23","date_gmt":"2025-04-28T03:39:23","guid":{"rendered":"https:\/\/atenealuxury.com\/?post_type=product&#038;p=3644"},"modified":"2026-03-26T05:08:22","modified_gmt":"2026-03-26T05:08:22","slug":"lattafa-his-confession","status":"publish","type":"product","link":"https:\/\/atenealuxury.com\/?product=lattafa-his-confession","title":{"rendered":"His Confession Lattafa Edp 100ML"},"content":{"rendered":"<p><span style=\"font-weight: 400;\">Es la elecci\u00f3n perfecta para el hombre moderno que busca un perfume distintivo y memorable, ideal para cualquier ocasi\u00f3n, ya sea de d\u00eda o de noche.<\/span><\/p>\n<ul>\n<li><span style=\"font-weight: 400;\"><strong>Notas de salida:<\/strong> Canela, lavanda y mandarina<\/span><\/li>\n<li><span style=\"font-weight: 400;\"><strong>Notas de coraz\u00f3n:<\/strong> Benju\u00ed, iris, Mahonial y cipr\u00e9s<\/span><\/li>\n<li><span style=\"font-weight: 400;\"><strong>Notas de base:<\/strong> Vainilla, incienso, haba tonka, pachul\u00ed, cedro y \u00e1mbar<\/span><\/li>\n<\/ul>\n<h3><b>MODO DE USO<\/b><\/h3>\n<p>Para prolongar el aroma durante m\u00e1s tiempo, aplica tu fragancia en el interior de las mu\u00f1ecas y detr\u00e1s del l\u00f3bulo de las orejas. Estas zonas de pulso tienen una temperatura superior al resto del cuerpo, y esto ayudar\u00e1 a que la fragancia se evapore m\u00e1s lentamente. Aplicar perfume directamente sobre la ropa, puede manchar, da\u00f1ar y alterar el tejido.<\/p>\n","protected":false},"excerpt":{"rendered":"<ul>\n<li>Familia olfativa Oriental Amaderada<\/li>\n<li>Tama\u00f1o \/ Presentaci\u00f3n: 100ml<\/li>\n<li>Marca: Lattafa<\/li>\n<\/ul>\n<p>&nbsp;<\/p>\n","protected":false},"featured_media":3645,"comment_status":"open","ping_status":"closed","template":"","meta":{"_monsterinsights_skip_tracking":false,"_monsterinsights_sitenote_active":false,"_monsterinsights_sitenote_note":"","_monsterinsights_sitenote_category":0,"_kadence_starter_templates_imported_post":false,"_kad_post_transparent":"default","_kad_post_title":"","_kad_post_layout":"default","_kad_post_sidebar_id":"","_kad_post_content_style":"default","_kad_post_vertical_padding":"default","_kad_post_feature":"","_kad_post_feature_position":"","_kad_post_header":false,"_kad_post_footer":false,"_kad_post_classname":"","_joinchat":[]},"product_brand":[],"product_cat":[59,42],"product_tag":[],"class_list":{"0":"post-3644","1":"product","2":"type-product","3":"status-publish","4":"has-post-thumbnail","6":"product_cat-arabes","7":"product_cat-hombres","9":"first","10":"instock","11":"sale","12":"taxable","13":"shipping-taxable","14":"purchasable","15":"product-type-simple","16":"entry","17":"content-bg","18":"loop-entry"},"yoast_head":"<!-- This site is optimized with the Yoast SEO plugin v25.4 - https:\/\/yoast.com\/wordpress\/plugins\/seo\/ -->\n<title>His Confession de Lattafa | Eau de Parfum Masculino 100\u202fml<\/title>\n<meta name=\"description\" content=\"Perfume masculino His Confession EDP 100\u202fml. Aroma c\u00e1lido, especiado y seductor. Ideal para noche y clima fr\u00edo. \u00a1Env\u00edo a todo el Per\u00fa!\" \/>\n<meta name=\"robots\" content=\"index, follow, max-snippet:-1, max-image-preview:large, max-video-preview:-1\" \/>\n<link rel=\"canonical\" href=\"https:\/\/atenealuxury.com\/?product=lattafa-his-confession\" \/>\n<meta property=\"og:locale\" content=\"es_ES\" \/>\n<meta property=\"og:type\" content=\"article\" \/>\n<meta property=\"og:title\" content=\"His Confession de Lattafa | Eau de Parfum Masculino 100\u202fml\" \/>\n<meta property=\"og:description\" content=\"Perfume masculino His Confession EDP 100\u202fml. Aroma c\u00e1lido, especiado y seductor. Ideal para noche y clima fr\u00edo. \u00a1Env\u00edo a todo el Per\u00fa!\" \/>\n<meta property=\"og:url\" content=\"https:\/\/atenealuxury.com\/?product=lattafa-his-confession\" \/>\n<meta property=\"og:site_name\" content=\"atenealuxury.com\" \/>\n<meta property=\"article:modified_time\" content=\"2026-03-26T05:08:22+00:00\" \/>\n<meta property=\"og:image\" content=\"https:\/\/atenealuxury.com\/wp-content\/uploads\/2025\/04\/WhatsApp-Image-2025-04-26-at-4.00.00-AM.jpeg\" \/>\n\t<meta property=\"og:image:width\" content=\"1200\" \/>\n\t<meta property=\"og:image:height\" content=\"1600\" \/>\n\t<meta property=\"og:image:type\" content=\"image\/jpeg\" \/>\n<meta name=\"twitter:card\" content=\"summary_large_image\" \/>\n<meta name=\"twitter:label1\" content=\"Tiempo de lectura\" \/>\n\t<meta name=\"twitter:data1\" content=\"1 minuto\" \/>\n<script type=\"application\/ld+json\" class=\"yoast-schema-graph\">{\"@context\":\"https:\/\/schema.org\",\"@graph\":[{\"@type\":\"WebPage\",\"@id\":\"https:\/\/atenealuxury.com\/?product=lattafa-his-confession\",\"url\":\"https:\/\/atenealuxury.com\/?product=lattafa-his-confession\",\"name\":\"His Confession de Lattafa | Eau de Parfum Masculino 100\u202fml\",\"isPartOf\":{\"@id\":\"https:\/\/atenealuxury.com\/#website\"},\"primaryImageOfPage\":{\"@id\":\"https:\/\/atenealuxury.com\/?product=lattafa-his-confession#primaryimage\"},\"image\":{\"@id\":\"https:\/\/atenealuxury.com\/?product=lattafa-his-confession#primaryimage\"},\"thumbnailUrl\":\"https:\/\/atenealuxury.com\/wp-content\/uploads\/2025\/04\/WhatsApp-Image-2025-04-26-at-4.00.00-AM.jpeg\",\"datePublished\":\"2025-04-28T03:39:23+00:00\",\"dateModified\":\"2026-03-26T05:08:22+00:00\",\"description\":\"Perfume masculino His Confession EDP 100\u202fml. Aroma c\u00e1lido, especiado y seductor. Ideal para noche y clima fr\u00edo. \u00a1Env\u00edo a todo el Per\u00fa!\",\"breadcrumb\":{\"@id\":\"https:\/\/atenealuxury.com\/?product=lattafa-his-confession#breadcrumb\"},\"inLanguage\":\"es\",\"potentialAction\":[{\"@type\":\"ReadAction\",\"target\":[\"https:\/\/atenealuxury.com\/?product=lattafa-his-confession\"]}]},{\"@type\":\"ImageObject\",\"inLanguage\":\"es\",\"@id\":\"https:\/\/atenealuxury.com\/?product=lattafa-his-confession#primaryimage\",\"url\":\"https:\/\/atenealuxury.com\/wp-content\/uploads\/2025\/04\/WhatsApp-Image-2025-04-26-at-4.00.00-AM.jpeg\",\"contentUrl\":\"https:\/\/atenealuxury.com\/wp-content\/uploads\/2025\/04\/WhatsApp-Image-2025-04-26-at-4.00.00-AM.jpeg\",\"width\":1200,\"height\":1600},{\"@type\":\"BreadcrumbList\",\"@id\":\"https:\/\/atenealuxury.com\/?product=lattafa-his-confession#breadcrumb\",\"itemListElement\":[{\"@type\":\"ListItem\",\"position\":1,\"name\":\"Inicio\",\"item\":\"https:\/\/atenealuxury.com\/\"},{\"@type\":\"ListItem\",\"position\":2,\"name\":\"Tienda\",\"item\":\"https:\/\/atenealuxury.com\/?page_id=3488\"},{\"@type\":\"ListItem\",\"position\":3,\"name\":\"His Confession Lattafa Edp 100ML\"}]},{\"@type\":\"WebSite\",\"@id\":\"https:\/\/atenealuxury.com\/#website\",\"url\":\"https:\/\/atenealuxury.com\/\",\"name\":\"Atenea Luxury\",\"description\":\"Tienda de perfumes \u00e1rabes, de nicho y dise\u00f1ador para \u00e9l y para ella.\",\"publisher\":{\"@id\":\"https:\/\/atenealuxury.com\/#organization\"},\"alternateName\":\"atenea luxury\",\"potentialAction\":[{\"@type\":\"SearchAction\",\"target\":{\"@type\":\"EntryPoint\",\"urlTemplate\":\"https:\/\/atenealuxury.com\/?s={search_term_string}\"},\"query-input\":{\"@type\":\"PropertyValueSpecification\",\"valueRequired\":true,\"valueName\":\"search_term_string\"}}],\"inLanguage\":\"es\"},{\"@type\":\"Organization\",\"@id\":\"https:\/\/atenealuxury.com\/#organization\",\"name\":\"Atenea Luxury\",\"alternateName\":\"atenealuxury.com\",\"url\":\"https:\/\/atenealuxury.com\/\",\"logo\":{\"@type\":\"ImageObject\",\"inLanguage\":\"es\",\"@id\":\"https:\/\/atenealuxury.com\/#\/schema\/logo\/image\/\",\"url\":\"https:\/\/atenealuxury.com\/wp-content\/uploads\/2025\/04\/cropped-ICONO-ATENEA-LUXURY.png\",\"contentUrl\":\"https:\/\/atenealuxury.com\/wp-content\/uploads\/2025\/04\/cropped-ICONO-ATENEA-LUXURY.png\",\"width\":512,\"height\":512,\"caption\":\"Atenea Luxury\"},\"image\":{\"@id\":\"https:\/\/atenealuxury.com\/#\/schema\/logo\/image\/\"}}]}<\/script>\n<!-- \/ Yoast SEO plugin. -->","yoast_head_json":{"title":"His Confession de Lattafa | Eau de Parfum Masculino 100\u202fml","description":"Perfume masculino His Confession EDP 100\u202fml. Aroma c\u00e1lido, especiado y seductor. Ideal para noche y clima fr\u00edo. \u00a1Env\u00edo a todo el Per\u00fa!","robots":{"index":"index","follow":"follow","max-snippet":"max-snippet:-1","max-image-preview":"max-image-preview:large","max-video-preview":"max-video-preview:-1"},"canonical":"https:\/\/atenealuxury.com\/?product=lattafa-his-confession","og_locale":"es_ES","og_type":"article","og_title":"His Confession de Lattafa | Eau de Parfum Masculino 100\u202fml","og_description":"Perfume masculino His Confession EDP 100\u202fml. Aroma c\u00e1lido, especiado y seductor. Ideal para noche y clima fr\u00edo. \u00a1Env\u00edo a todo el Per\u00fa!","og_url":"https:\/\/atenealuxury.com\/?product=lattafa-his-confession","og_site_name":"atenealuxury.com","article_modified_time":"2026-03-26T05:08:22+00:00","og_image":[{"width":1200,"height":1600,"url":"https:\/\/atenealuxury.com\/wp-content\/uploads\/2025\/04\/WhatsApp-Image-2025-04-26-at-4.00.00-AM.jpeg","type":"image\/jpeg"}],"twitter_card":"summary_large_image","twitter_misc":{"Tiempo de lectura":"1 minuto"},"schema":{"@context":"https:\/\/schema.org","@graph":[{"@type":"WebPage","@id":"https:\/\/atenealuxury.com\/?product=lattafa-his-confession","url":"https:\/\/atenealuxury.com\/?product=lattafa-his-confession","name":"His Confession de Lattafa | Eau de Parfum Masculino 100\u202fml","isPartOf":{"@id":"https:\/\/atenealuxury.com\/#website"},"primaryImageOfPage":{"@id":"https:\/\/atenealuxury.com\/?product=lattafa-his-confession#primaryimage"},"image":{"@id":"https:\/\/atenealuxury.com\/?product=lattafa-his-confession#primaryimage"},"thumbnailUrl":"https:\/\/atenealuxury.com\/wp-content\/uploads\/2025\/04\/WhatsApp-Image-2025-04-26-at-4.00.00-AM.jpeg","datePublished":"2025-04-28T03:39:23+00:00","dateModified":"2026-03-26T05:08:22+00:00","description":"Perfume masculino His Confession EDP 100\u202fml. Aroma c\u00e1lido, especiado y seductor. Ideal para noche y clima fr\u00edo. \u00a1Env\u00edo a todo el Per\u00fa!","breadcrumb":{"@id":"https:\/\/atenealuxury.com\/?product=lattafa-his-confession#breadcrumb"},"inLanguage":"es","potentialAction":[{"@type":"ReadAction","target":["https:\/\/atenealuxury.com\/?product=lattafa-his-confession"]}]},{"@type":"ImageObject","inLanguage":"es","@id":"https:\/\/atenealuxury.com\/?product=lattafa-his-confession#primaryimage","url":"https:\/\/atenealuxury.com\/wp-content\/uploads\/2025\/04\/WhatsApp-Image-2025-04-26-at-4.00.00-AM.jpeg","contentUrl":"https:\/\/atenealuxury.com\/wp-content\/uploads\/2025\/04\/WhatsApp-Image-2025-04-26-at-4.00.00-AM.jpeg","width":1200,"height":1600},{"@type":"BreadcrumbList","@id":"https:\/\/atenealuxury.com\/?product=lattafa-his-confession#breadcrumb","itemListElement":[{"@type":"ListItem","position":1,"name":"Inicio","item":"https:\/\/atenealuxury.com\/"},{"@type":"ListItem","position":2,"name":"Tienda","item":"https:\/\/atenealuxury.com\/?page_id=3488"},{"@type":"ListItem","position":3,"name":"His Confession Lattafa Edp 100ML"}]},{"@type":"WebSite","@id":"https:\/\/atenealuxury.com\/#website","url":"https:\/\/atenealuxury.com\/","name":"Atenea Luxury","description":"Tienda de perfumes \u00e1rabes, de nicho y dise\u00f1ador para \u00e9l y para ella.","publisher":{"@id":"https:\/\/atenealuxury.com\/#organization"},"alternateName":"atenea luxury","potentialAction":[{"@type":"SearchAction","target":{"@type":"EntryPoint","urlTemplate":"https:\/\/atenealuxury.com\/?s={search_term_string}"},"query-input":{"@type":"PropertyValueSpecification","valueRequired":true,"valueName":"search_term_string"}}],"inLanguage":"es"},{"@type":"Organization","@id":"https:\/\/atenealuxury.com\/#organization","name":"Atenea Luxury","alternateName":"atenealuxury.com","url":"https:\/\/atenealuxury.com\/","logo":{"@type":"ImageObject","inLanguage":"es","@id":"https:\/\/atenealuxury.com\/#\/schema\/logo\/image\/","url":"https:\/\/atenealuxury.com\/wp-content\/uploads\/2025\/04\/cropped-ICONO-ATENEA-LUXURY.png","contentUrl":"https:\/\/atenealuxury.com\/wp-content\/uploads\/2025\/04\/cropped-ICONO-ATENEA-LUXURY.png","width":512,"height":512,"caption":"Atenea Luxury"},"image":{"@id":"https:\/\/atenealuxury.com\/#\/schema\/logo\/image\/"}}]}},"jetpack_sharing_enabled":true,"_links":{"self":[{"href":"https:\/\/atenealuxury.com\/index.php?rest_route=\/wp\/v2\/product\/3644","targetHints":{"allow":["GET"]}}],"collection":[{"href":"https:\/\/atenealuxury.com\/index.php?rest_route=\/wp\/v2\/product"}],"about":[{"href":"https:\/\/atenealuxury.com\/index.php?rest_route=\/wp\/v2\/types\/product"}],"replies":[{"embeddable":true,"href":"https:\/\/atenealuxury.com\/index.php?rest_route=%2Fwp%2Fv2%2Fcomments&post=3644"}],"wp:featuredmedia":[{"embeddable":true,"href":"https:\/\/atenealuxury.com\/index.php?rest_route=\/wp\/v2\/media\/3645"}],"wp:attachment":[{"href":"https:\/\/atenealuxury.com\/index.php?rest_route=%2Fwp%2Fv2%2Fmedia&parent=3644"}],"wp:term":[{"taxonomy":"product_brand","embeddable":true,"href":"https:\/\/atenealuxury.com\/index.php?rest_route=%2Fwp%2Fv2%2Fproduct_brand&post=3644"},{"taxonomy":"product_cat","embeddable":true,"href":"https:\/\/atenealuxury.com\/index.php?rest_route=%2Fwp%2Fv2%2Fproduct_cat&post=3644"},{"taxonomy":"product_tag","embeddable":true,"href":"https:\/\/atenealuxury.com\/index.php?rest_route=%2Fwp%2Fv2%2Fproduct_tag&post=3644"}],"curies":[{"name":"wp","href":"https:\/\/api.w.org\/{rel}","templated":true}]}}