{"id":3680,"date":"2025-04-28T09:57:02","date_gmt":"2025-04-28T09:57:02","guid":{"rendered":"https:\/\/atenealuxury.com\/?post_type=product&#038;p=3680"},"modified":"2026-03-02T16:55:13","modified_gmt":"2026-03-02T16:55:13","slug":"xerjoff-erba-pura","status":"publish","type":"product","link":"https:\/\/atenealuxury.com\/?product=xerjoff-erba-pura","title":{"rendered":"Erba Pura Xerjoff Eau De Parfum 100ML"},"content":{"rendered":"<p>Xerjoff Erba Pura es una fragancia delicada, fresca y afrutada que evoca el puro lujo y que est\u00e1 pensada para personas modernas que dan importancia a la sofisticaci\u00f3n y a la belleza.<\/p>\n<ul>\n<li style=\"font-weight: 400;\" aria-level=\"1\"><b>Las Notas de Salida:<\/b><span style=\"font-weight: 400;\"> naranja siciliana, bergamota de Calabria y lim\u00f3n siciliano (lima siciliana)<\/span><\/li>\n<li style=\"font-weight: 400;\" aria-level=\"1\"><b>Las Notas de Coraz\u00f3n:<\/b><span style=\"font-weight: 400;\"> frutas<\/span><\/li>\n<li style=\"font-weight: 400;\" aria-level=\"1\"><b>Las Notas de Fondo:<\/b> almizcle blanco, vainilla de Madagascar y \u00e1mbar.<\/li>\n<\/ul>\n<h3><b>MODO DE USO<\/b><\/h3>\n<p>Para prolongar el aroma durante m\u00e1s tiempo, aplica tu fragancia en el interior de las mu\u00f1ecas y detr\u00e1s del l\u00f3bulo de las orejas. Estas zonas de pulso tienen una temperatura superior al resto del cuerpo, y esto ayudar\u00e1 a que la fragancia se evapore m\u00e1s lentamente. Aplicar perfume directamente sobre la ropa, puede manchar, da\u00f1ar y alterar el tejido.<\/p>\n","protected":false},"excerpt":{"rendered":"<ul>\n<li aria-level=\"1\">Familia olfativa Oriental para Hombres y Mujeres.<\/li>\n<li style=\"font-weight: 400;\" aria-level=\"1\"><span style=\"font-weight: 400;\">Tama\u00f1o \/ Presentaci\u00f3n: 100ml<\/span><\/li>\n<li style=\"font-weight: 400;\" aria-level=\"1\"><span style=\"font-weight: 400;\"><span style=\"vertical-align: inherit;\"><span style=\"vertical-align: inherit;\">Marca: Xerjoff<\/span><\/span><\/span><\/li>\n<\/ul>\n","protected":false},"featured_media":3689,"comment_status":"open","ping_status":"closed","template":"","meta":{"_monsterinsights_skip_tracking":false,"_monsterinsights_sitenote_active":false,"_monsterinsights_sitenote_note":"","_monsterinsights_sitenote_category":0,"_kadence_starter_templates_imported_post":false,"_kad_post_transparent":"default","_kad_post_title":"","_kad_post_layout":"default","_kad_post_sidebar_id":"","_kad_post_content_style":"default","_kad_post_vertical_padding":"default","_kad_post_feature":"","_kad_post_feature_position":"","_kad_post_header":false,"_kad_post_footer":false,"_kad_post_classname":"","_joinchat":[]},"product_brand":[],"product_cat":[42,68,41],"product_tag":[99,98,97],"class_list":{"0":"post-3680","1":"product","2":"type-product","3":"status-publish","4":"has-post-thumbnail","6":"product_cat-hombres","7":"product_cat-mujer","8":"product_cat-nicho","9":"product_tag-erba-pura-xerjoff-peru","10":"product_tag-erba-pura-xerjoff-precio","11":"product_tag-perfume-erba-pura-xerjoff","13":"first","14":"instock","15":"sale","16":"taxable","17":"shipping-taxable","18":"purchasable","19":"product-type-simple","20":"entry","21":"content-bg","22":"loop-entry"},"yoast_head":"<!-- This site is optimized with the Yoast SEO plugin v25.4 - https:\/\/yoast.com\/wordpress\/plugins\/seo\/ -->\n<title>Erba Pura Eau de Parfum | Perfume Nicho Unisex de Lujo<\/title>\n<meta name=\"description\" content=\"Erba Pura Xerjoff 100ML original. Perfume unisex de lujo, afrutado y envolvente. Ideal para destacar. Env\u00edos a todo el Per\u00fa. \u00a1Hazlo tuyo!\" \/>\n<meta name=\"robots\" content=\"index, follow, max-snippet:-1, max-image-preview:large, max-video-preview:-1\" \/>\n<link rel=\"canonical\" href=\"https:\/\/atenealuxury.com\/?product=xerjoff-erba-pura\" \/>\n<meta property=\"og:locale\" content=\"es_ES\" \/>\n<meta property=\"og:type\" content=\"article\" \/>\n<meta property=\"og:title\" content=\"Erba Pura Eau de Parfum | Perfume Nicho Unisex de Lujo\" \/>\n<meta property=\"og:description\" content=\"Erba Pura Xerjoff 100ML original. Perfume unisex de lujo, afrutado y envolvente. Ideal para destacar. Env\u00edos a todo el Per\u00fa. \u00a1Hazlo tuyo!\" \/>\n<meta property=\"og:url\" content=\"https:\/\/atenealuxury.com\/?product=xerjoff-erba-pura\" \/>\n<meta property=\"og:site_name\" content=\"atenealuxury.com\" \/>\n<meta property=\"article:modified_time\" content=\"2026-03-02T16:55:13+00:00\" \/>\n<meta property=\"og:image\" content=\"https:\/\/atenealuxury.com\/wp-content\/uploads\/2025\/04\/Erba-Pura-Photoroom.jpg\" \/>\n\t<meta property=\"og:image:width\" content=\"1500\" \/>\n\t<meta property=\"og:image:height\" content=\"2000\" \/>\n\t<meta property=\"og:image:type\" content=\"image\/jpeg\" \/>\n<meta name=\"twitter:card\" content=\"summary_large_image\" \/>\n<meta name=\"twitter:label1\" content=\"Tiempo de lectura\" \/>\n\t<meta name=\"twitter:data1\" content=\"1 minuto\" \/>\n<script type=\"application\/ld+json\" class=\"yoast-schema-graph\">{\"@context\":\"https:\/\/schema.org\",\"@graph\":[{\"@type\":\"WebPage\",\"@id\":\"https:\/\/atenealuxury.com\/?product=xerjoff-erba-pura\",\"url\":\"https:\/\/atenealuxury.com\/?product=xerjoff-erba-pura\",\"name\":\"Erba Pura Eau de Parfum | Perfume Nicho Unisex de Lujo\",\"isPartOf\":{\"@id\":\"https:\/\/atenealuxury.com\/#website\"},\"primaryImageOfPage\":{\"@id\":\"https:\/\/atenealuxury.com\/?product=xerjoff-erba-pura#primaryimage\"},\"image\":{\"@id\":\"https:\/\/atenealuxury.com\/?product=xerjoff-erba-pura#primaryimage\"},\"thumbnailUrl\":\"https:\/\/atenealuxury.com\/wp-content\/uploads\/2025\/04\/Erba-Pura-Photoroom.jpg\",\"datePublished\":\"2025-04-28T09:57:02+00:00\",\"dateModified\":\"2026-03-02T16:55:13+00:00\",\"description\":\"Erba Pura Xerjoff 100ML original. Perfume unisex de lujo, afrutado y envolvente. Ideal para destacar. Env\u00edos a todo el Per\u00fa. \u00a1Hazlo tuyo!\",\"breadcrumb\":{\"@id\":\"https:\/\/atenealuxury.com\/?product=xerjoff-erba-pura#breadcrumb\"},\"inLanguage\":\"es\",\"potentialAction\":[{\"@type\":\"ReadAction\",\"target\":[\"https:\/\/atenealuxury.com\/?product=xerjoff-erba-pura\"]}]},{\"@type\":\"ImageObject\",\"inLanguage\":\"es\",\"@id\":\"https:\/\/atenealuxury.com\/?product=xerjoff-erba-pura#primaryimage\",\"url\":\"https:\/\/atenealuxury.com\/wp-content\/uploads\/2025\/04\/Erba-Pura-Photoroom.jpg\",\"contentUrl\":\"https:\/\/atenealuxury.com\/wp-content\/uploads\/2025\/04\/Erba-Pura-Photoroom.jpg\",\"width\":1500,\"height\":2000},{\"@type\":\"BreadcrumbList\",\"@id\":\"https:\/\/atenealuxury.com\/?product=xerjoff-erba-pura#breadcrumb\",\"itemListElement\":[{\"@type\":\"ListItem\",\"position\":1,\"name\":\"Inicio\",\"item\":\"https:\/\/atenealuxury.com\/\"},{\"@type\":\"ListItem\",\"position\":2,\"name\":\"Tienda\",\"item\":\"https:\/\/atenealuxury.com\/?page_id=3488\"},{\"@type\":\"ListItem\",\"position\":3,\"name\":\"Erba Pura Xerjoff Eau De Parfum 100ML\"}]},{\"@type\":\"WebSite\",\"@id\":\"https:\/\/atenealuxury.com\/#website\",\"url\":\"https:\/\/atenealuxury.com\/\",\"name\":\"Atenea Luxury\",\"description\":\"Tienda de perfumes \u00e1rabes, de nicho y dise\u00f1ador para \u00e9l y para ella.\",\"publisher\":{\"@id\":\"https:\/\/atenealuxury.com\/#organization\"},\"alternateName\":\"atenea luxury\",\"potentialAction\":[{\"@type\":\"SearchAction\",\"target\":{\"@type\":\"EntryPoint\",\"urlTemplate\":\"https:\/\/atenealuxury.com\/?s={search_term_string}\"},\"query-input\":{\"@type\":\"PropertyValueSpecification\",\"valueRequired\":true,\"valueName\":\"search_term_string\"}}],\"inLanguage\":\"es\"},{\"@type\":\"Organization\",\"@id\":\"https:\/\/atenealuxury.com\/#organization\",\"name\":\"Atenea Luxury\",\"alternateName\":\"atenealuxury.com\",\"url\":\"https:\/\/atenealuxury.com\/\",\"logo\":{\"@type\":\"ImageObject\",\"inLanguage\":\"es\",\"@id\":\"https:\/\/atenealuxury.com\/#\/schema\/logo\/image\/\",\"url\":\"https:\/\/atenealuxury.com\/wp-content\/uploads\/2025\/04\/cropped-ICONO-ATENEA-LUXURY.png\",\"contentUrl\":\"https:\/\/atenealuxury.com\/wp-content\/uploads\/2025\/04\/cropped-ICONO-ATENEA-LUXURY.png\",\"width\":512,\"height\":512,\"caption\":\"Atenea Luxury\"},\"image\":{\"@id\":\"https:\/\/atenealuxury.com\/#\/schema\/logo\/image\/\"}}]}<\/script>\n<!-- \/ Yoast SEO plugin. -->","yoast_head_json":{"title":"Erba Pura Eau de Parfum | Perfume Nicho Unisex de Lujo","description":"Erba Pura Xerjoff 100ML original. Perfume unisex de lujo, afrutado y envolvente. Ideal para destacar. Env\u00edos a todo el Per\u00fa. \u00a1Hazlo tuyo!","robots":{"index":"index","follow":"follow","max-snippet":"max-snippet:-1","max-image-preview":"max-image-preview:large","max-video-preview":"max-video-preview:-1"},"canonical":"https:\/\/atenealuxury.com\/?product=xerjoff-erba-pura","og_locale":"es_ES","og_type":"article","og_title":"Erba Pura Eau de Parfum | Perfume Nicho Unisex de Lujo","og_description":"Erba Pura Xerjoff 100ML original. Perfume unisex de lujo, afrutado y envolvente. Ideal para destacar. Env\u00edos a todo el Per\u00fa. \u00a1Hazlo tuyo!","og_url":"https:\/\/atenealuxury.com\/?product=xerjoff-erba-pura","og_site_name":"atenealuxury.com","article_modified_time":"2026-03-02T16:55:13+00:00","og_image":[{"width":1500,"height":2000,"url":"https:\/\/atenealuxury.com\/wp-content\/uploads\/2025\/04\/Erba-Pura-Photoroom.jpg","type":"image\/jpeg"}],"twitter_card":"summary_large_image","twitter_misc":{"Tiempo de lectura":"1 minuto"},"schema":{"@context":"https:\/\/schema.org","@graph":[{"@type":"WebPage","@id":"https:\/\/atenealuxury.com\/?product=xerjoff-erba-pura","url":"https:\/\/atenealuxury.com\/?product=xerjoff-erba-pura","name":"Erba Pura Eau de Parfum | Perfume Nicho Unisex de Lujo","isPartOf":{"@id":"https:\/\/atenealuxury.com\/#website"},"primaryImageOfPage":{"@id":"https:\/\/atenealuxury.com\/?product=xerjoff-erba-pura#primaryimage"},"image":{"@id":"https:\/\/atenealuxury.com\/?product=xerjoff-erba-pura#primaryimage"},"thumbnailUrl":"https:\/\/atenealuxury.com\/wp-content\/uploads\/2025\/04\/Erba-Pura-Photoroom.jpg","datePublished":"2025-04-28T09:57:02+00:00","dateModified":"2026-03-02T16:55:13+00:00","description":"Erba Pura Xerjoff 100ML original. Perfume unisex de lujo, afrutado y envolvente. Ideal para destacar. Env\u00edos a todo el Per\u00fa. \u00a1Hazlo tuyo!","breadcrumb":{"@id":"https:\/\/atenealuxury.com\/?product=xerjoff-erba-pura#breadcrumb"},"inLanguage":"es","potentialAction":[{"@type":"ReadAction","target":["https:\/\/atenealuxury.com\/?product=xerjoff-erba-pura"]}]},{"@type":"ImageObject","inLanguage":"es","@id":"https:\/\/atenealuxury.com\/?product=xerjoff-erba-pura#primaryimage","url":"https:\/\/atenealuxury.com\/wp-content\/uploads\/2025\/04\/Erba-Pura-Photoroom.jpg","contentUrl":"https:\/\/atenealuxury.com\/wp-content\/uploads\/2025\/04\/Erba-Pura-Photoroom.jpg","width":1500,"height":2000},{"@type":"BreadcrumbList","@id":"https:\/\/atenealuxury.com\/?product=xerjoff-erba-pura#breadcrumb","itemListElement":[{"@type":"ListItem","position":1,"name":"Inicio","item":"https:\/\/atenealuxury.com\/"},{"@type":"ListItem","position":2,"name":"Tienda","item":"https:\/\/atenealuxury.com\/?page_id=3488"},{"@type":"ListItem","position":3,"name":"Erba Pura Xerjoff Eau De Parfum 100ML"}]},{"@type":"WebSite","@id":"https:\/\/atenealuxury.com\/#website","url":"https:\/\/atenealuxury.com\/","name":"Atenea Luxury","description":"Tienda de perfumes \u00e1rabes, de nicho y dise\u00f1ador para \u00e9l y para ella.","publisher":{"@id":"https:\/\/atenealuxury.com\/#organization"},"alternateName":"atenea luxury","potentialAction":[{"@type":"SearchAction","target":{"@type":"EntryPoint","urlTemplate":"https:\/\/atenealuxury.com\/?s={search_term_string}"},"query-input":{"@type":"PropertyValueSpecification","valueRequired":true,"valueName":"search_term_string"}}],"inLanguage":"es"},{"@type":"Organization","@id":"https:\/\/atenealuxury.com\/#organization","name":"Atenea Luxury","alternateName":"atenealuxury.com","url":"https:\/\/atenealuxury.com\/","logo":{"@type":"ImageObject","inLanguage":"es","@id":"https:\/\/atenealuxury.com\/#\/schema\/logo\/image\/","url":"https:\/\/atenealuxury.com\/wp-content\/uploads\/2025\/04\/cropped-ICONO-ATENEA-LUXURY.png","contentUrl":"https:\/\/atenealuxury.com\/wp-content\/uploads\/2025\/04\/cropped-ICONO-ATENEA-LUXURY.png","width":512,"height":512,"caption":"Atenea Luxury"},"image":{"@id":"https:\/\/atenealuxury.com\/#\/schema\/logo\/image\/"}}]}},"jetpack_sharing_enabled":true,"_links":{"self":[{"href":"https:\/\/atenealuxury.com\/index.php?rest_route=\/wp\/v2\/product\/3680","targetHints":{"allow":["GET"]}}],"collection":[{"href":"https:\/\/atenealuxury.com\/index.php?rest_route=\/wp\/v2\/product"}],"about":[{"href":"https:\/\/atenealuxury.com\/index.php?rest_route=\/wp\/v2\/types\/product"}],"replies":[{"embeddable":true,"href":"https:\/\/atenealuxury.com\/index.php?rest_route=%2Fwp%2Fv2%2Fcomments&post=3680"}],"wp:featuredmedia":[{"embeddable":true,"href":"https:\/\/atenealuxury.com\/index.php?rest_route=\/wp\/v2\/media\/3689"}],"wp:attachment":[{"href":"https:\/\/atenealuxury.com\/index.php?rest_route=%2Fwp%2Fv2%2Fmedia&parent=3680"}],"wp:term":[{"taxonomy":"product_brand","embeddable":true,"href":"https:\/\/atenealuxury.com\/index.php?rest_route=%2Fwp%2Fv2%2Fproduct_brand&post=3680"},{"taxonomy":"product_cat","embeddable":true,"href":"https:\/\/atenealuxury.com\/index.php?rest_route=%2Fwp%2Fv2%2Fproduct_cat&post=3680"},{"taxonomy":"product_tag","embeddable":true,"href":"https:\/\/atenealuxury.com\/index.php?rest_route=%2Fwp%2Fv2%2Fproduct_tag&post=3680"}],"curies":[{"name":"wp","href":"https:\/\/api.w.org\/{rel}","templated":true}]}}