{"id":3683,"date":"2025-04-28T10:08:38","date_gmt":"2025-04-28T10:08:38","guid":{"rendered":"https:\/\/atenealuxury.com\/?post_type=product&#038;p=3683"},"modified":"2026-04-18T12:05:51","modified_gmt":"2026-04-18T12:05:51","slug":"parfums-de-marly-layton","status":"publish","type":"product","link":"https:\/\/atenealuxury.com\/?product=parfums-de-marly-layton","title":{"rendered":"Layton Parfums de Marly Eau De Parfum 125ML"},"content":{"rendered":"<p>Layton es una fragancia que captura la esencia de la elegancia. Esta seductora fragancia ambarada y floral, con una intensa firma olfativa, se abre con bergamota y su pasi\u00f3n \u00e1cida, mientras que la lavanda y el geranio se funden en una nota fresca, elegante y caballerosa a la vez.<\/p>\n<div class=\"product__olfactive-item item\">\n<div class=\"product__olfactive-item__content\">\n<ul>\n<li class=\"product__olfactive-item__title\"><strong>Notas de salida: <\/strong>Manzana, bergamota, lavanda<\/li>\n<li class=\"product__olfactive-item__title\"><strong>Notas de coraz\u00f3n: <\/strong>Jazm\u00edn, violeta, geranio<\/li>\n<li class=\"product__olfactive-item__title\"><strong>Notas fondo<\/strong>: Vainilla, pimienta, madera de guayaco, pachul\u00ed<\/li>\n<\/ul>\n<h3><b>MODO DE USO<\/b><\/h3>\n<p><span style=\"font-weight: 400;\">Para prolongar el aroma durante m\u00e1s tiempo, aplica tu fragancia en el interior de las mu\u00f1ecas y detr\u00e1s del l\u00f3bulo de las orejas. Estas zonas de pulso tienen una temperatura superior al resto del cuerpo, y esto ayudar\u00e1 a que la fragancia se evapore m\u00e1s lentamente. Aplicar perfume directamente sobre la ropa, puede manchar, da\u00f1ar y alterar el tejido.\u00a0<\/span><\/p>\n<\/div>\n<\/div>\n","protected":false},"excerpt":{"rendered":"<ul>\n<li aria-level=\"1\">Familia olfativa Oriental Floral<\/li>\n<li style=\"font-weight: 400;\" aria-level=\"1\"><span style=\"font-weight: 400;\">Tama\u00f1o \/ Presentaci\u00f3n: 125ml<\/span><\/li>\n<li style=\"font-weight: 400;\" aria-level=\"1\"><span style=\"font-weight: 400;\">Marca: Parfums de marly<\/span><\/li>\n<\/ul>\n","protected":false},"featured_media":3692,"comment_status":"open","ping_status":"closed","template":"","meta":{"_monsterinsights_skip_tracking":false,"_monsterinsights_sitenote_active":false,"_monsterinsights_sitenote_note":"","_monsterinsights_sitenote_category":0,"_kadence_starter_templates_imported_post":false,"_kad_post_transparent":"default","_kad_post_title":"","_kad_post_layout":"default","_kad_post_sidebar_id":"","_kad_post_content_style":"default","_kad_post_vertical_padding":"default","_kad_post_feature":"","_kad_post_feature_position":"","_kad_post_header":false,"_kad_post_footer":false,"_kad_post_classname":"","_joinchat":[]},"product_brand":[],"product_cat":[42,41],"product_tag":[96,94,92,93,95],"class_list":{"0":"post-3683","1":"product","2":"type-product","3":"status-publish","4":"has-post-thumbnail","6":"product_cat-hombres","7":"product_cat-nicho","8":"product_tag-layton-parfums-de-marly-althair","9":"product_tag-layton-parfums-de-marly-dupe","10":"product_tag-layton-parfums-de-marly-peru","11":"product_tag-layton-parfums-de-marly-precio","12":"product_tag-layton-parfums-de-marly-precio-peru","14":"first","15":"instock","16":"sale","17":"taxable","18":"shipping-taxable","19":"purchasable","20":"product-type-simple","21":"entry","22":"content-bg","23":"loop-entry"},"yoast_head":"<!-- This site is optimized with the Yoast SEO plugin v25.4 - https:\/\/yoast.com\/wordpress\/plugins\/seo\/ -->\n<title>Layton Parfums de Marly 125 ml | Perfume Masculino Elegante<\/title>\n<meta name=\"description\" content=\"Layton Parfums de Marly 125ML original. Perfume masculino, elegante y adictivo. Ideal para hombres con estilo. Env\u00edos a todo el Per\u00fa.\" \/>\n<meta name=\"robots\" content=\"index, follow, max-snippet:-1, max-image-preview:large, max-video-preview:-1\" \/>\n<link rel=\"canonical\" href=\"https:\/\/atenealuxury.com\/?product=parfums-de-marly-layton\" \/>\n<meta property=\"og:locale\" content=\"es_ES\" \/>\n<meta property=\"og:type\" content=\"article\" \/>\n<meta property=\"og:title\" content=\"Layton Parfums de Marly 125 ml | Perfume Masculino Elegante\" \/>\n<meta property=\"og:description\" content=\"Layton Parfums de Marly 125ML original. Perfume masculino, elegante y adictivo. Ideal para hombres con estilo. Env\u00edos a todo el Per\u00fa.\" \/>\n<meta property=\"og:url\" content=\"https:\/\/atenealuxury.com\/?product=parfums-de-marly-layton\" \/>\n<meta property=\"og:site_name\" content=\"atenealuxury.com\" \/>\n<meta property=\"article:modified_time\" content=\"2026-04-18T12:05:51+00:00\" \/>\n<meta property=\"og:image\" content=\"https:\/\/atenealuxury.com\/wp-content\/uploads\/2025\/04\/Layton-parfum-Photoroom.jpg\" \/>\n\t<meta property=\"og:image:width\" content=\"1500\" \/>\n\t<meta property=\"og:image:height\" content=\"2000\" \/>\n\t<meta property=\"og:image:type\" content=\"image\/jpeg\" \/>\n<meta name=\"twitter:card\" content=\"summary_large_image\" \/>\n<meta name=\"twitter:label1\" content=\"Tiempo de lectura\" \/>\n\t<meta name=\"twitter:data1\" content=\"1 minuto\" \/>\n<script type=\"application\/ld+json\" class=\"yoast-schema-graph\">{\"@context\":\"https:\/\/schema.org\",\"@graph\":[{\"@type\":\"WebPage\",\"@id\":\"https:\/\/atenealuxury.com\/?product=parfums-de-marly-layton\",\"url\":\"https:\/\/atenealuxury.com\/?product=parfums-de-marly-layton\",\"name\":\"Layton Parfums de Marly 125 ml | Perfume Masculino Elegante\",\"isPartOf\":{\"@id\":\"https:\/\/atenealuxury.com\/#website\"},\"primaryImageOfPage\":{\"@id\":\"https:\/\/atenealuxury.com\/?product=parfums-de-marly-layton#primaryimage\"},\"image\":{\"@id\":\"https:\/\/atenealuxury.com\/?product=parfums-de-marly-layton#primaryimage\"},\"thumbnailUrl\":\"https:\/\/atenealuxury.com\/wp-content\/uploads\/2025\/04\/Layton-parfum-Photoroom.jpg\",\"datePublished\":\"2025-04-28T10:08:38+00:00\",\"dateModified\":\"2026-04-18T12:05:51+00:00\",\"description\":\"Layton Parfums de Marly 125ML original. Perfume masculino, elegante y adictivo. Ideal para hombres con estilo. Env\u00edos a todo el Per\u00fa.\",\"breadcrumb\":{\"@id\":\"https:\/\/atenealuxury.com\/?product=parfums-de-marly-layton#breadcrumb\"},\"inLanguage\":\"es\",\"potentialAction\":[{\"@type\":\"ReadAction\",\"target\":[\"https:\/\/atenealuxury.com\/?product=parfums-de-marly-layton\"]}]},{\"@type\":\"ImageObject\",\"inLanguage\":\"es\",\"@id\":\"https:\/\/atenealuxury.com\/?product=parfums-de-marly-layton#primaryimage\",\"url\":\"https:\/\/atenealuxury.com\/wp-content\/uploads\/2025\/04\/Layton-parfum-Photoroom.jpg\",\"contentUrl\":\"https:\/\/atenealuxury.com\/wp-content\/uploads\/2025\/04\/Layton-parfum-Photoroom.jpg\",\"width\":1500,\"height\":2000},{\"@type\":\"BreadcrumbList\",\"@id\":\"https:\/\/atenealuxury.com\/?product=parfums-de-marly-layton#breadcrumb\",\"itemListElement\":[{\"@type\":\"ListItem\",\"position\":1,\"name\":\"Inicio\",\"item\":\"https:\/\/atenealuxury.com\/\"},{\"@type\":\"ListItem\",\"position\":2,\"name\":\"Tienda\",\"item\":\"https:\/\/atenealuxury.com\/?page_id=3488\"},{\"@type\":\"ListItem\",\"position\":3,\"name\":\"Layton Parfums de Marly Eau De Parfum 125ML\"}]},{\"@type\":\"WebSite\",\"@id\":\"https:\/\/atenealuxury.com\/#website\",\"url\":\"https:\/\/atenealuxury.com\/\",\"name\":\"Atenea Luxury\",\"description\":\"Tienda de perfumes \u00e1rabes, de nicho y dise\u00f1ador para \u00e9l y para ella.\",\"publisher\":{\"@id\":\"https:\/\/atenealuxury.com\/#organization\"},\"alternateName\":\"atenea luxury\",\"potentialAction\":[{\"@type\":\"SearchAction\",\"target\":{\"@type\":\"EntryPoint\",\"urlTemplate\":\"https:\/\/atenealuxury.com\/?s={search_term_string}\"},\"query-input\":{\"@type\":\"PropertyValueSpecification\",\"valueRequired\":true,\"valueName\":\"search_term_string\"}}],\"inLanguage\":\"es\"},{\"@type\":\"Organization\",\"@id\":\"https:\/\/atenealuxury.com\/#organization\",\"name\":\"Atenea Luxury\",\"alternateName\":\"atenealuxury.com\",\"url\":\"https:\/\/atenealuxury.com\/\",\"logo\":{\"@type\":\"ImageObject\",\"inLanguage\":\"es\",\"@id\":\"https:\/\/atenealuxury.com\/#\/schema\/logo\/image\/\",\"url\":\"https:\/\/atenealuxury.com\/wp-content\/uploads\/2025\/04\/cropped-ICONO-ATENEA-LUXURY.png\",\"contentUrl\":\"https:\/\/atenealuxury.com\/wp-content\/uploads\/2025\/04\/cropped-ICONO-ATENEA-LUXURY.png\",\"width\":512,\"height\":512,\"caption\":\"Atenea Luxury\"},\"image\":{\"@id\":\"https:\/\/atenealuxury.com\/#\/schema\/logo\/image\/\"}}]}<\/script>\n<!-- \/ Yoast SEO plugin. -->","yoast_head_json":{"title":"Layton Parfums de Marly 125 ml | Perfume Masculino Elegante","description":"Layton Parfums de Marly 125ML original. Perfume masculino, elegante y adictivo. Ideal para hombres con estilo. Env\u00edos a todo el Per\u00fa.","robots":{"index":"index","follow":"follow","max-snippet":"max-snippet:-1","max-image-preview":"max-image-preview:large","max-video-preview":"max-video-preview:-1"},"canonical":"https:\/\/atenealuxury.com\/?product=parfums-de-marly-layton","og_locale":"es_ES","og_type":"article","og_title":"Layton Parfums de Marly 125 ml | Perfume Masculino Elegante","og_description":"Layton Parfums de Marly 125ML original. Perfume masculino, elegante y adictivo. Ideal para hombres con estilo. Env\u00edos a todo el Per\u00fa.","og_url":"https:\/\/atenealuxury.com\/?product=parfums-de-marly-layton","og_site_name":"atenealuxury.com","article_modified_time":"2026-04-18T12:05:51+00:00","og_image":[{"width":1500,"height":2000,"url":"https:\/\/atenealuxury.com\/wp-content\/uploads\/2025\/04\/Layton-parfum-Photoroom.jpg","type":"image\/jpeg"}],"twitter_card":"summary_large_image","twitter_misc":{"Tiempo de lectura":"1 minuto"},"schema":{"@context":"https:\/\/schema.org","@graph":[{"@type":"WebPage","@id":"https:\/\/atenealuxury.com\/?product=parfums-de-marly-layton","url":"https:\/\/atenealuxury.com\/?product=parfums-de-marly-layton","name":"Layton Parfums de Marly 125 ml | Perfume Masculino Elegante","isPartOf":{"@id":"https:\/\/atenealuxury.com\/#website"},"primaryImageOfPage":{"@id":"https:\/\/atenealuxury.com\/?product=parfums-de-marly-layton#primaryimage"},"image":{"@id":"https:\/\/atenealuxury.com\/?product=parfums-de-marly-layton#primaryimage"},"thumbnailUrl":"https:\/\/atenealuxury.com\/wp-content\/uploads\/2025\/04\/Layton-parfum-Photoroom.jpg","datePublished":"2025-04-28T10:08:38+00:00","dateModified":"2026-04-18T12:05:51+00:00","description":"Layton Parfums de Marly 125ML original. Perfume masculino, elegante y adictivo. Ideal para hombres con estilo. Env\u00edos a todo el Per\u00fa.","breadcrumb":{"@id":"https:\/\/atenealuxury.com\/?product=parfums-de-marly-layton#breadcrumb"},"inLanguage":"es","potentialAction":[{"@type":"ReadAction","target":["https:\/\/atenealuxury.com\/?product=parfums-de-marly-layton"]}]},{"@type":"ImageObject","inLanguage":"es","@id":"https:\/\/atenealuxury.com\/?product=parfums-de-marly-layton#primaryimage","url":"https:\/\/atenealuxury.com\/wp-content\/uploads\/2025\/04\/Layton-parfum-Photoroom.jpg","contentUrl":"https:\/\/atenealuxury.com\/wp-content\/uploads\/2025\/04\/Layton-parfum-Photoroom.jpg","width":1500,"height":2000},{"@type":"BreadcrumbList","@id":"https:\/\/atenealuxury.com\/?product=parfums-de-marly-layton#breadcrumb","itemListElement":[{"@type":"ListItem","position":1,"name":"Inicio","item":"https:\/\/atenealuxury.com\/"},{"@type":"ListItem","position":2,"name":"Tienda","item":"https:\/\/atenealuxury.com\/?page_id=3488"},{"@type":"ListItem","position":3,"name":"Layton Parfums de Marly Eau De Parfum 125ML"}]},{"@type":"WebSite","@id":"https:\/\/atenealuxury.com\/#website","url":"https:\/\/atenealuxury.com\/","name":"Atenea Luxury","description":"Tienda de perfumes \u00e1rabes, de nicho y dise\u00f1ador para \u00e9l y para ella.","publisher":{"@id":"https:\/\/atenealuxury.com\/#organization"},"alternateName":"atenea luxury","potentialAction":[{"@type":"SearchAction","target":{"@type":"EntryPoint","urlTemplate":"https:\/\/atenealuxury.com\/?s={search_term_string}"},"query-input":{"@type":"PropertyValueSpecification","valueRequired":true,"valueName":"search_term_string"}}],"inLanguage":"es"},{"@type":"Organization","@id":"https:\/\/atenealuxury.com\/#organization","name":"Atenea Luxury","alternateName":"atenealuxury.com","url":"https:\/\/atenealuxury.com\/","logo":{"@type":"ImageObject","inLanguage":"es","@id":"https:\/\/atenealuxury.com\/#\/schema\/logo\/image\/","url":"https:\/\/atenealuxury.com\/wp-content\/uploads\/2025\/04\/cropped-ICONO-ATENEA-LUXURY.png","contentUrl":"https:\/\/atenealuxury.com\/wp-content\/uploads\/2025\/04\/cropped-ICONO-ATENEA-LUXURY.png","width":512,"height":512,"caption":"Atenea Luxury"},"image":{"@id":"https:\/\/atenealuxury.com\/#\/schema\/logo\/image\/"}}]}},"jetpack_sharing_enabled":true,"_links":{"self":[{"href":"https:\/\/atenealuxury.com\/index.php?rest_route=\/wp\/v2\/product\/3683","targetHints":{"allow":["GET"]}}],"collection":[{"href":"https:\/\/atenealuxury.com\/index.php?rest_route=\/wp\/v2\/product"}],"about":[{"href":"https:\/\/atenealuxury.com\/index.php?rest_route=\/wp\/v2\/types\/product"}],"replies":[{"embeddable":true,"href":"https:\/\/atenealuxury.com\/index.php?rest_route=%2Fwp%2Fv2%2Fcomments&post=3683"}],"wp:featuredmedia":[{"embeddable":true,"href":"https:\/\/atenealuxury.com\/index.php?rest_route=\/wp\/v2\/media\/3692"}],"wp:attachment":[{"href":"https:\/\/atenealuxury.com\/index.php?rest_route=%2Fwp%2Fv2%2Fmedia&parent=3683"}],"wp:term":[{"taxonomy":"product_brand","embeddable":true,"href":"https:\/\/atenealuxury.com\/index.php?rest_route=%2Fwp%2Fv2%2Fproduct_brand&post=3683"},{"taxonomy":"product_cat","embeddable":true,"href":"https:\/\/atenealuxury.com\/index.php?rest_route=%2Fwp%2Fv2%2Fproduct_cat&post=3683"},{"taxonomy":"product_tag","embeddable":true,"href":"https:\/\/atenealuxury.com\/index.php?rest_route=%2Fwp%2Fv2%2Fproduct_tag&post=3683"}],"curies":[{"name":"wp","href":"https:\/\/api.w.org\/{rel}","templated":true}]}}